{"id":1781,"date":"2019-07-29T09:28:39","date_gmt":"2019-07-29T09:28:39","guid":{"rendered":"http:\/\/www.portedegeneve.com\/contatti-e-accesso\/"},"modified":"2024-07-15T09:53:54","modified_gmt":"2024-07-15T09:53:54","slug":"contatti-e-accesso","status":"publish","type":"page","link":"https:\/\/www.portedegeneve.com\/it\/contatti-e-accesso\/","title":{"rendered":"Contatti e accesso"},"content":{"rendered":"[vc_row wrap_container=&#8221;true&#8221; el_id=&#8221;contact-info-section&#8221;][vc_column width=&#8221;1\/2&#8243;][vc_custom_heading text=&#8221;INFORMAZIONI DI CONTATTO&#8221; font_container=&#8221;tag:h2|font_size:30px|text_align:left|color:%23382d2c|line_height:35px&#8221; google_fonts=&#8221;font_family:Signika%20Negative%3A300%2Cregular%2C600%2C700|font_style:400%20regular%3A400%3Anormal&#8221; css=&#8221;.vc_custom_1567157634916{margin-top: 0px !important;margin-bottom: 70px !important;}&#8221; el_class=&#8221;contact-title&#8221;]<div id=\"lordcros-icon-box-40569e047b342731\" class=\"shortcode-icon-box lordcrosicons-icon-style\" style=\"animation-delay: 1s;\"><div class=\"shortcode-icon-box-wrapper vc_custom_1564113995016 icon-box-content-right icon-box-left\"><div class=\"icon-wrap\" style=\"border-color: #91353b;\"><i class=\"lordcros lordcros-location\" style=\"color: #91353b; font-size: 35px;\"><\/i><\/div><div class=\"content-inner\">4 Rue Ren\u00e9 Cassin, 74240\u00a0Gaillard<br \/>\nProche de\u00a0Gen\u00e8ve, France<\/div><\/div><\/div><div id=\"lordcros-icon-box-614069e047b3427a1\" class=\"shortcode-icon-box lordcrosicons-icon-style\" style=\"animation-delay: 1s;\"><div class=\"shortcode-icon-box-wrapper vc_custom_1564114018219 icon-box-content-right icon-box-left\"><div class=\"icon-wrap\" style=\"border-color: #91353b;\"><i class=\"lordcros lordcros-phone-call\" style=\"color: #91353b; font-size: 35px;\"><\/i><\/div><div class=\"content-inner\">Tel : + 33 (0)4 50 39 70 30<\/div><\/div><\/div><div id=\"lordcros-icon-box-437069e047b3427c6\" class=\"shortcode-icon-box lordcrosicons-icon-style\" style=\"animation-delay: 1s;\"><div class=\"shortcode-icon-box-wrapper vc_custom_1564114054874 icon-box-content-right icon-box-left\"><div class=\"icon-wrap\" style=\"border-color: #91353b;\"><i class=\"lordcros lordcros-mail\" style=\"color: #91353b; font-size: 35px;\"><\/i><\/div><div class=\"content-inner\">Email : contact@portedegeneve.com<\/div><\/div><\/div>[\/vc_column][vc_column width=&#8221;1\/2&#8243;][vc_gmaps link=&#8221;#E-8_JTNDaWZyYW1lJTIwc3JjJTNEJTIyaHR0cHMlM0ElMkYlMkZ3d3cuZ29vZ2xlLmNvbSUyRm1hcHMlMkZlbWJlZCUzRnBiJTNEJTIxMW0xNCUyMTFtOCUyMTFtMyUyMTFkMTEwNTAuMTkyNzE4NjUwMzM0JTIxMmQ2LjIxNDY4MDIlMjEzZDQ2LjE3OTY0OTElMjEzbTIlMjExaTEwMjQlMjEyaTc2OCUyMTRmMTMuMSUyMTNtMyUyMTFtMiUyMTFzMHgwJTI1M0EweDEzZGRhMzIwY2NiNTU0MDIlMjEyc0glMjVDMyUyNUI0dGVsJTJCUG9ydGUlMkJkZSUyQkdlbiUyNUMzJTI1QTh2ZSUyQi0lMkJBbm5lbWFzc2UlMkJHZW4lMjVDMyUyNUE4dmUlMjE1ZTAlMjEzbTIlMjExc2VuJTIxMnNtYSUyMTR2MTU2MTY5NjI4MDI3NiUyMTVtMiUyMTFzZW4lMjEyc21hJTIyJTIwd2lkdGglM0QlMjI2MDAlMjIlMjBoZWlnaHQlM0QlMjI0NTAlMjIlMjBmcmFtZWJvcmRlciUzRCUyMjAlMjIlMjBzdHlsZSUzRCUyMmJvcmRlciUzQTAlMjIlMjBhbGxvd2Z1bGxzY3JlZW4lM0UlM0MlMkZpZnJhbWUlM0U=&#8221; size=&#8221;450x&#8221;][\/vc_column][\/vc_row]\n","protected":false},"excerpt":{"rendered":"<p>[vc_row wrap_container=&#8221;true&#8221; el_id=&#8221;contact-info-section&#8221;][vc_column width=&#8221;1\/2&#8243;][vc_custom_heading text=&#8221;INFORMAZIONI DI CONTATTO&#8221; font_container=&#8221;tag:h2|font_size:30px|text_align:left|color:%23382d2c|line_height:35px&#8221; google_fonts=&#8221;font_family:Signika%20Negative%3A300%2Cregular%2C600%2C700|font_style:400%20regular%3A400%3Anormal&#8221; css=&#8221;.vc_custom_1567157634916{margin-top: 0px !important;margin-bottom: 70px !important;}&#8221; el_class=&#8221;contact-title&#8221;][\/vc_column][vc_column width=&#8221;1\/2&#8243;][vc_gmaps link=&#8221;#E-8_JTNDaWZyYW1lJTIwc3JjJTNEJTIyaHR0cHMlM0ElMkYlMkZ3d3cuZ29vZ2xlLmNvbSUyRm1hcHMlMkZlbWJlZCUzRnBiJTNEJTIxMW0xNCUyMTFtOCUyMTFtMyUyMTFkMTEwNTAuMTkyNzE4NjUwMzM0JTIxMmQ2LjIxNDY4MDIlMjEzZDQ2LjE3OTY0OTElMjEzbTIlMjExaTEwMjQlMjEyaTc2OCUyMTRmMTMuMSUyMTNtMyUyMTFtMiUyMTFzMHgwJTI1M0EweDEzZGRhMzIwY2NiNTU0MDIlMjEyc0glMjVDMyUyNUI0dGVsJTJCUG9ydGUlMkJkZSUyQkdlbiUyNUMzJTI1QTh2ZSUyQi0lMkJBbm5lbWFzc2UlMkJHZW4lMjVDMyUyNUE4dmUlMjE1ZTAlMjEzbTIlMjExc2VuJTIxMnNtYSUyMTR2MTU2MTY5NjI4MDI3NiUyMTVtMiUyMTFzZW4lMjEyc21hJTIyJTIwd2lkdGglM0QlMjI2MDAlMjIlMjBoZWlnaHQlM0QlMjI0NTAlMjIlMjBmcmFtZWJvcmRlciUzRCUyMjAlMjIlMjBzdHlsZSUzRCUyMmJvcmRlciUzQTAlMjIlMjBhbGxvd2Z1bGxzY3JlZW4lM0UlM0MlMkZpZnJhbWUlM0U=&#8221; size=&#8221;450x&#8221;][\/vc_column][\/vc_row]<\/p>\n","protected":false},"author":2,"featured_media":0,"parent":0,"menu_order":0,"comment_status":"closed","ping_status":"closed","template":"","meta":{"_acf_changed":false,"footnotes":""},"class_list":["post-1781","page","type-page","status-publish","hentry"],"acf":[],"yoast_head":"<title>Contattate il nostro hotel 3 stelle a Gaillard - Hotel Porte de Gen\u00e8ve - Sito ufficiale<\/title>\n<meta name=\"description\" content=\"Contattate l\u2019hotel per organizzare il vostro prossimo soggiorno a Gaillard, nei pressi di Ginevra e di Annemasse! Codice promozionale geneve.\" \/>\n<meta name=\"robots\" content=\"index, follow, max-snippet:-1, max-image-preview:large, max-video-preview:-1\" \/>\n<link rel=\"canonical\" href=\"https:\/\/www.portedegeneve.com\/it\/contatti-e-accesso\/\" \/>\n<meta property=\"og:locale\" content=\"it_IT\" \/>\n<meta property=\"og:type\" content=\"article\" \/>\n<meta property=\"og:title\" content=\"Contattate il nostro hotel 3 stelle a Gaillard - Hotel Porte de Gen\u00e8ve - Sito ufficiale\" \/>\n<meta property=\"og:description\" content=\"Contattate l\u2019hotel per organizzare il vostro prossimo soggiorno a Gaillard, nei pressi di Ginevra e di Annemasse! Codice promozionale geneve.\" \/>\n<meta property=\"og:url\" content=\"https:\/\/www.portedegeneve.com\/it\/contatti-e-accesso\/\" \/>\n<meta property=\"og:site_name\" content=\"H\u00f4tel Porte de Gen\u00e8ve\" \/>\n<meta property=\"article:modified_time\" content=\"2024-07-15T09:53:54+00:00\" \/>\n<meta name=\"twitter:card\" content=\"summary_large_image\" \/>\n<meta name=\"twitter:label1\" content=\"Est. reading time\" \/>\n\t<meta name=\"twitter:data1\" content=\"1 minuto\" \/>\n<script type=\"application\/ld+json\" class=\"yoast-schema-graph\">{\"@context\":\"https:\/\/schema.org\",\"@graph\":[{\"@type\":\"WebPage\",\"@id\":\"https:\/\/www.portedegeneve.com\/it\/contatti-e-accesso\/\",\"url\":\"https:\/\/www.portedegeneve.com\/it\/contatti-e-accesso\/\",\"name\":\"Contattate il nostro hotel 3 stelle a Gaillard - Hotel Porte de Gen\u00e8ve - Sito ufficiale\",\"isPartOf\":{\"@id\":\"https:\/\/www.portedegeneve.com\/it\/#website\"},\"datePublished\":\"2019-07-29T09:28:39+00:00\",\"dateModified\":\"2024-07-15T09:53:54+00:00\",\"description\":\"Contattate l\u2019hotel per organizzare il vostro prossimo soggiorno a Gaillard, nei pressi di Ginevra e di Annemasse! Codice promozionale geneve.\",\"breadcrumb\":{\"@id\":\"https:\/\/www.portedegeneve.com\/it\/contatti-e-accesso\/#breadcrumb\"},\"inLanguage\":\"it-IT\",\"potentialAction\":[{\"@type\":\"ReadAction\",\"target\":[\"https:\/\/www.portedegeneve.com\/it\/contatti-e-accesso\/\"]}]},{\"@type\":\"BreadcrumbList\",\"@id\":\"https:\/\/www.portedegeneve.com\/it\/contatti-e-accesso\/#breadcrumb\",\"itemListElement\":[{\"@type\":\"ListItem\",\"position\":1,\"name\":\"Accueil\",\"item\":\"https:\/\/www.portedegeneve.com\/it\/\"},{\"@type\":\"ListItem\",\"position\":2,\"name\":\"Contatti e accesso\"}]},{\"@type\":\"WebSite\",\"@id\":\"https:\/\/www.portedegeneve.com\/it\/#website\",\"url\":\"https:\/\/www.portedegeneve.com\/it\/\",\"name\":\"H\u00f4tel Porte de Gen\u00e8ve\",\"description\":\"H\u00f4tel Porte de Gen\u00e8ve\",\"publisher\":{\"@id\":\"https:\/\/www.portedegeneve.com\/it\/#organization\"},\"potentialAction\":[{\"@type\":\"SearchAction\",\"target\":{\"@type\":\"EntryPoint\",\"urlTemplate\":\"https:\/\/www.portedegeneve.com\/it\/?s={search_term_string}\"},\"query-input\":{\"@type\":\"PropertyValueSpecification\",\"valueRequired\":true,\"valueName\":\"search_term_string\"}}],\"inLanguage\":\"it-IT\"},{\"@type\":\"Organization\",\"@id\":\"https:\/\/www.portedegeneve.com\/it\/#organization\",\"name\":\"Hotel Porte de Gen\u00e8ve\",\"url\":\"https:\/\/www.portedegeneve.com\/it\/\",\"logo\":{\"@type\":\"ImageObject\",\"inLanguage\":\"it-IT\",\"@id\":\"https:\/\/www.portedegeneve.com\/it\/#\/schema\/logo\/image\/\",\"url\":\"https:\/\/www.portedegeneve.com\/wp-content\/uploads\/2019\/06\/portes_de_geneve_logo_min.png\",\"contentUrl\":\"https:\/\/www.portedegeneve.com\/wp-content\/uploads\/2019\/06\/portes_de_geneve_logo_min.png\",\"width\":224,\"height\":67,\"caption\":\"Hotel Porte de Gen\u00e8ve\"},\"image\":{\"@id\":\"https:\/\/www.portedegeneve.com\/it\/#\/schema\/logo\/image\/\"}}]}<\/script>","yoast_head_json":{"title":"Contattate il nostro hotel 3 stelle a Gaillard - Hotel Porte de Gen\u00e8ve - Sito ufficiale","description":"Contattate l\u2019hotel per organizzare il vostro prossimo soggiorno a Gaillard, nei pressi di Ginevra e di Annemasse! Codice promozionale geneve.","robots":{"index":"index","follow":"follow","max-snippet":"max-snippet:-1","max-image-preview":"max-image-preview:large","max-video-preview":"max-video-preview:-1"},"canonical":"https:\/\/www.portedegeneve.com\/it\/contatti-e-accesso\/","og_locale":"it_IT","og_type":"article","og_title":"Contattate il nostro hotel 3 stelle a Gaillard - Hotel Porte de Gen\u00e8ve - Sito ufficiale","og_description":"Contattate l\u2019hotel per organizzare il vostro prossimo soggiorno a Gaillard, nei pressi di Ginevra e di Annemasse! Codice promozionale geneve.","og_url":"https:\/\/www.portedegeneve.com\/it\/contatti-e-accesso\/","og_site_name":"H\u00f4tel Porte de Gen\u00e8ve","article_modified_time":"2024-07-15T09:53:54+00:00","twitter_card":"summary_large_image","twitter_misc":{"Est. reading time":"1 minuto"},"schema":{"@context":"https:\/\/schema.org","@graph":[{"@type":"WebPage","@id":"https:\/\/www.portedegeneve.com\/it\/contatti-e-accesso\/","url":"https:\/\/www.portedegeneve.com\/it\/contatti-e-accesso\/","name":"Contattate il nostro hotel 3 stelle a Gaillard - Hotel Porte de Gen\u00e8ve - Sito ufficiale","isPartOf":{"@id":"https:\/\/www.portedegeneve.com\/it\/#website"},"datePublished":"2019-07-29T09:28:39+00:00","dateModified":"2024-07-15T09:53:54+00:00","description":"Contattate l\u2019hotel per organizzare il vostro prossimo soggiorno a Gaillard, nei pressi di Ginevra e di Annemasse! Codice promozionale geneve.","breadcrumb":{"@id":"https:\/\/www.portedegeneve.com\/it\/contatti-e-accesso\/#breadcrumb"},"inLanguage":"it-IT","potentialAction":[{"@type":"ReadAction","target":["https:\/\/www.portedegeneve.com\/it\/contatti-e-accesso\/"]}]},{"@type":"BreadcrumbList","@id":"https:\/\/www.portedegeneve.com\/it\/contatti-e-accesso\/#breadcrumb","itemListElement":[{"@type":"ListItem","position":1,"name":"Accueil","item":"https:\/\/www.portedegeneve.com\/it\/"},{"@type":"ListItem","position":2,"name":"Contatti e accesso"}]},{"@type":"WebSite","@id":"https:\/\/www.portedegeneve.com\/it\/#website","url":"https:\/\/www.portedegeneve.com\/it\/","name":"H\u00f4tel Porte de Gen\u00e8ve","description":"H\u00f4tel Porte de Gen\u00e8ve","publisher":{"@id":"https:\/\/www.portedegeneve.com\/it\/#organization"},"potentialAction":[{"@type":"SearchAction","target":{"@type":"EntryPoint","urlTemplate":"https:\/\/www.portedegeneve.com\/it\/?s={search_term_string}"},"query-input":{"@type":"PropertyValueSpecification","valueRequired":true,"valueName":"search_term_string"}}],"inLanguage":"it-IT"},{"@type":"Organization","@id":"https:\/\/www.portedegeneve.com\/it\/#organization","name":"Hotel Porte de Gen\u00e8ve","url":"https:\/\/www.portedegeneve.com\/it\/","logo":{"@type":"ImageObject","inLanguage":"it-IT","@id":"https:\/\/www.portedegeneve.com\/it\/#\/schema\/logo\/image\/","url":"https:\/\/www.portedegeneve.com\/wp-content\/uploads\/2019\/06\/portes_de_geneve_logo_min.png","contentUrl":"https:\/\/www.portedegeneve.com\/wp-content\/uploads\/2019\/06\/portes_de_geneve_logo_min.png","width":224,"height":67,"caption":"Hotel Porte de Gen\u00e8ve"},"image":{"@id":"https:\/\/www.portedegeneve.com\/it\/#\/schema\/logo\/image\/"}}]}},"_links":{"self":[{"href":"https:\/\/www.portedegeneve.com\/it\/wp-json\/wp\/v2\/pages\/1781","targetHints":{"allow":["GET"]}}],"collection":[{"href":"https:\/\/www.portedegeneve.com\/it\/wp-json\/wp\/v2\/pages"}],"about":[{"href":"https:\/\/www.portedegeneve.com\/it\/wp-json\/wp\/v2\/types\/page"}],"author":[{"embeddable":true,"href":"https:\/\/www.portedegeneve.com\/it\/wp-json\/wp\/v2\/users\/2"}],"replies":[{"embeddable":true,"href":"https:\/\/www.portedegeneve.com\/it\/wp-json\/wp\/v2\/comments?post=1781"}],"version-history":[{"count":1,"href":"https:\/\/www.portedegeneve.com\/it\/wp-json\/wp\/v2\/pages\/1781\/revisions"}],"predecessor-version":[{"id":15885,"href":"https:\/\/www.portedegeneve.com\/it\/wp-json\/wp\/v2\/pages\/1781\/revisions\/15885"}],"wp:attachment":[{"href":"https:\/\/www.portedegeneve.com\/it\/wp-json\/wp\/v2\/media?parent=1781"}],"curies":[{"name":"wp","href":"https:\/\/api.w.org\/{rel}","templated":true}]}}