{"id":1759,"date":"2019-07-28T19:19:57","date_gmt":"2019-07-28T19:19:57","guid":{"rendered":"http:\/\/www.portedegeneve.com\/servizi\/"},"modified":"2019-07-29T08:47:04","modified_gmt":"2019-07-29T08:47:04","slug":"servizi","status":"publish","type":"page","link":"https:\/\/www.portedegeneve.com\/it\/servizi\/","title":{"rendered":"Servizi"},"content":{"rendered":"[vc_row css=&#8221;.vc_custom_1561092546871{padding-bottom: 35px !important;}&#8221;][vc_column]\t\t<div id=\"lordcros-services-332069ef18a2863c1\" class=\"lordcros-shortcode-element lordcros-shortcode-services style2  color-scheme-dark \" style=\"animation-delay: 1s;\">\r\n\t\t\t\t\t\r\n\t\t\t\t\t\t\t\r\n\t\t\t\t\r\n\t\t\t\t\r\n\t\t\t\t<div class=\"lordcros-shortcode-services-wrapper\">\r\n\t\t\t\t\t\t\t\t\t\t\t<div class=\"service-item\">\r\n\t\t\t\t\t\t\t<div class=\"service-thumbs\">\r\n\t\t\t\t\t\t\t\t<a href=\"https:\/\/www.portedegeneve.com\/it\/service\/ristorante-e-soggiorno-con-cena\/\" class=\"service-featured-img\">\r\n\t\t\t\t\t\t\t\t\t<img decoding=\"async\" width=\"570\" height=\"450\" src=\"https:\/\/www.portedegeneve.com\/wp-content\/uploads\/2019\/07\/IMG-20200715-WA0013-570x450.jpg\" class=\"attachment-lordcros-service-list size-lordcros-service-list wp-post-image\" alt=\"\" \/>\t\t\t\t\t\t\t\t<\/a>\t\t\t\t\t\t\r\n\t\t\t\t\t\t\t<\/div>\r\n\t\t\t\t\t\t\t<div class=\"service-infobox\">\r\n\t\t\t\t\t\t\t\t<div class=\"service-infobox-wrap\">\r\n\t\t\t\t\t\t\t\t\t<span class=\"featured-icon\">\r\n\t\t\t\t\t\t\t\t\t\t\t\t\t\t\t\t\t\t\t\t\t<img decoding=\"async\" src=\"https:\/\/www.portedegeneve.com\/wp-content\/uploads\/2019\/06\/service-bar-salon-icon.png\">\r\n\t\t\t\t\t\t\t\t\t\t\t\t\t\t\t\t\t\t\t\t<\/span>\r\n\r\n\t\t\t\t\t\t\t\t\t<h3 class=\"service-title\">\r\n\t\t\t\t\t\t\t\t\t\t<a href=\"https:\/\/www.portedegeneve.com\/it\/service\/ristorante-e-soggiorno-con-cena\/\">Ristorante e soggiorno con cena<\/a>\r\n\t\t\t\t\t\t\t\t\t<\/h3>\r\n\t\t\t\t\t\t\t\t\t\r\n\t\t\t\t\t\t\t\t\t<div class=\"brief\">\r\n\t\t\t\t\t\t\t\t\t\tUn ristorante savoiardo con prodotti di stagione ad Annemasse L\u2019offerta culinaria, a base di prodotti locali, d\u00e0...\t\t\t\t\t\t\t\t\t<\/div>\r\n\t\t\t\t\t\t\t\t\t<a href=\"https:\/\/www.portedegeneve.com\/it\/service\/ristorante-e-soggiorno-con-cena\/\" class=\"service-read-more\">Leggi di pi\u00f9<i class=\"lordcros lordcros-arrow-right\"><\/i><\/a>\r\n\t\t\t\t\t\t\t\t<\/div>\r\n\t\t\t\t\t\t\t<\/div>\r\n\t\t\t\t\t\t<\/div>\r\n\t\t\t\t\t\t\t\t\t\t\t\t<div class=\"service-item\">\r\n\t\t\t\t\t\t\t<div class=\"service-thumbs\">\r\n\t\t\t\t\t\t\t\t<a href=\"https:\/\/www.portedegeneve.com\/it\/service\/colazione-a-buffet\/\" class=\"service-featured-img\">\r\n\t\t\t\t\t\t\t\t\t<img decoding=\"async\" width=\"570\" height=\"450\" src=\"https:\/\/www.portedegeneve.com\/wp-content\/uploads\/2019\/04\/73955306-570x450.jpg\" class=\"attachment-lordcros-service-list size-lordcros-service-list wp-post-image\" alt=\"\" srcset=\"https:\/\/www.portedegeneve.com\/wp-content\/uploads\/2019\/04\/73955306-570x450.jpg 570w, https:\/\/www.portedegeneve.com\/wp-content\/uploads\/2019\/04\/73955306-20x15.jpg 20w\" sizes=\"(max-width: 570px) 100vw, 570px\" \/>\t\t\t\t\t\t\t\t<\/a>\t\t\t\t\t\t\r\n\t\t\t\t\t\t\t<\/div>\r\n\t\t\t\t\t\t\t<div class=\"service-infobox\">\r\n\t\t\t\t\t\t\t\t<div class=\"service-infobox-wrap\">\r\n\t\t\t\t\t\t\t\t\t<span class=\"featured-icon\">\r\n\t\t\t\t\t\t\t\t\t\t\t\t\t\t\t\t\t\t\t\t\t<img decoding=\"async\" src=\"https:\/\/www.portedegeneve.com\/wp-content\/uploads\/2019\/04\/petit-dejeuner-cup-icon-1.png\">\r\n\t\t\t\t\t\t\t\t\t\t\t\t\t\t\t\t\t\t\t\t<\/span>\r\n\r\n\t\t\t\t\t\t\t\t\t<h3 class=\"service-title\">\r\n\t\t\t\t\t\t\t\t\t\t<a href=\"https:\/\/www.portedegeneve.com\/it\/service\/colazione-a-buffet\/\">Colazione a buffet<\/a>\r\n\t\t\t\t\t\t\t\t\t<\/h3>\r\n\t\t\t\t\t\t\t\t\t\r\n\t\t\t\t\t\t\t\t\t<div class=\"brief\">\r\n\t\t\t\t\t\t\t\t\t\tColazione a buffet L\u2019hotel Porte de Gen\u00e8ve a Gaillard, presso Annemasse, propone una colazione con buffet gourmet,...\t\t\t\t\t\t\t\t\t<\/div>\r\n\t\t\t\t\t\t\t\t\t<a href=\"https:\/\/www.portedegeneve.com\/it\/service\/colazione-a-buffet\/\" class=\"service-read-more\">Leggi di pi\u00f9<i class=\"lordcros lordcros-arrow-right\"><\/i><\/a>\r\n\t\t\t\t\t\t\t\t<\/div>\r\n\t\t\t\t\t\t\t<\/div>\r\n\t\t\t\t\t\t<\/div>\r\n\t\t\t\t\t\t\t\t\t\t\t\t<div class=\"service-item\">\r\n\t\t\t\t\t\t\t<div class=\"service-thumbs\">\r\n\t\t\t\t\t\t\t\t<a href=\"https:\/\/www.portedegeneve.com\/it\/service\/informazioni-utili\/\" class=\"service-featured-img\">\r\n\t\t\t\t\t\t\t\t\t<img decoding=\"async\" width=\"570\" height=\"450\" src=\"https:\/\/www.portedegeneve.com\/wp-content\/uploads\/2019\/04\/portes_de_geneve_informations_utiles1-570x450.jpg\" class=\"attachment-lordcros-service-list size-lordcros-service-list wp-post-image\" alt=\"\" \/>\t\t\t\t\t\t\t\t<\/a>\t\t\t\t\t\t\r\n\t\t\t\t\t\t\t<\/div>\r\n\t\t\t\t\t\t\t<div class=\"service-infobox\">\r\n\t\t\t\t\t\t\t\t<div class=\"service-infobox-wrap\">\r\n\t\t\t\t\t\t\t\t\t<span class=\"featured-icon\">\r\n\t\t\t\t\t\t\t\t\t\t\t\t\t\t\t\t\t\t\t\t\t<img decoding=\"async\" src=\"https:\/\/www.portedegeneve.com\/wp-content\/uploads\/2019\/04\/isle_annecy_icon_informations_utiles-_1.png\">\r\n\t\t\t\t\t\t\t\t\t\t\t\t\t\t\t\t\t\t\t\t<\/span>\r\n\r\n\t\t\t\t\t\t\t\t\t<h3 class=\"service-title\">\r\n\t\t\t\t\t\t\t\t\t\t<a href=\"https:\/\/www.portedegeneve.com\/it\/service\/informazioni-utili\/\">Informazioni utili<\/a>\r\n\t\t\t\t\t\t\t\t\t<\/h3>\r\n\t\t\t\t\t\t\t\t\t\r\n\t\t\t\t\t\t\t\t\t<div class=\"brief\">\r\n\t\t\t\t\t\t\t\t\t\tTrovate tutte le informazioni pratiche e semplificate il vostro soggiorno all\u2019hotel Porte de Gen\u00e8ve &nbsp; Orario di...\t\t\t\t\t\t\t\t\t<\/div>\r\n\t\t\t\t\t\t\t\t\t<a href=\"https:\/\/www.portedegeneve.com\/it\/service\/informazioni-utili\/\" class=\"service-read-more\">Leggi di pi\u00f9<i class=\"lordcros lordcros-arrow-right\"><\/i><\/a>\r\n\t\t\t\t\t\t\t\t<\/div>\r\n\t\t\t\t\t\t\t<\/div>\r\n\t\t\t\t\t\t<\/div>\r\n\t\t\t\t\t\t\t\t\t\t<\/div>\r\n\r\n\t\t\t\r\n\t\t<\/div>\r\n\t\t[\/vc_column][\/vc_row]\n","protected":false},"excerpt":{"rendered":"<p>[vc_row css=&#8221;.vc_custom_1561092546871{padding-bottom: 35px !important;}&#8221;][vc_column][\/vc_column][\/vc_row]<\/p>\n","protected":false},"author":2,"featured_media":0,"parent":0,"menu_order":0,"comment_status":"closed","ping_status":"closed","template":"","meta":{"_acf_changed":false,"footnotes":""},"class_list":["post-1759","page","type-page","status-publish","hentry"],"acf":[],"yoast_head":"<title>Servizi - H\u00f4tel Porte de Gen\u00e8ve<\/title>\n<meta name=\"robots\" content=\"index, follow, max-snippet:-1, max-image-preview:large, max-video-preview:-1\" \/>\n<link rel=\"canonical\" href=\"https:\/\/www.portedegeneve.com\/it\/servizi\/\" \/>\n<meta property=\"og:locale\" content=\"it_IT\" \/>\n<meta property=\"og:type\" content=\"article\" \/>\n<meta property=\"og:title\" content=\"Servizi - H\u00f4tel Porte de Gen\u00e8ve\" \/>\n<meta property=\"og:description\" content=\"[vc_row css=&#8221;.vc_custom_1561092546871{padding-bottom: 35px !important;}&#8221;][vc_column][\/vc_column][\/vc_row]\" \/>\n<meta property=\"og:url\" content=\"https:\/\/www.portedegeneve.com\/it\/servizi\/\" \/>\n<meta property=\"og:site_name\" content=\"H\u00f4tel Porte de Gen\u00e8ve\" \/>\n<meta property=\"article:modified_time\" content=\"2019-07-29T08:47:04+00:00\" \/>\n<meta name=\"twitter:card\" content=\"summary_large_image\" \/>\n<script type=\"application\/ld+json\" class=\"yoast-schema-graph\">{\"@context\":\"https:\/\/schema.org\",\"@graph\":[{\"@type\":\"WebPage\",\"@id\":\"https:\/\/www.portedegeneve.com\/it\/servizi\/\",\"url\":\"https:\/\/www.portedegeneve.com\/it\/servizi\/\",\"name\":\"Servizi - H\u00f4tel Porte de Gen\u00e8ve\",\"isPartOf\":{\"@id\":\"https:\/\/www.portedegeneve.com\/it\/#website\"},\"datePublished\":\"2019-07-28T19:19:57+00:00\",\"dateModified\":\"2019-07-29T08:47:04+00:00\",\"breadcrumb\":{\"@id\":\"https:\/\/www.portedegeneve.com\/it\/servizi\/#breadcrumb\"},\"inLanguage\":\"it-IT\",\"potentialAction\":[{\"@type\":\"ReadAction\",\"target\":[\"https:\/\/www.portedegeneve.com\/it\/servizi\/\"]}]},{\"@type\":\"BreadcrumbList\",\"@id\":\"https:\/\/www.portedegeneve.com\/it\/servizi\/#breadcrumb\",\"itemListElement\":[{\"@type\":\"ListItem\",\"position\":1,\"name\":\"Accueil\",\"item\":\"https:\/\/www.portedegeneve.com\/it\/\"},{\"@type\":\"ListItem\",\"position\":2,\"name\":\"Servizi\"}]},{\"@type\":\"WebSite\",\"@id\":\"https:\/\/www.portedegeneve.com\/it\/#website\",\"url\":\"https:\/\/www.portedegeneve.com\/it\/\",\"name\":\"H\u00f4tel Porte de Gen\u00e8ve\",\"description\":\"H\u00f4tel Porte de Gen\u00e8ve\",\"publisher\":{\"@id\":\"https:\/\/www.portedegeneve.com\/it\/#organization\"},\"potentialAction\":[{\"@type\":\"SearchAction\",\"target\":{\"@type\":\"EntryPoint\",\"urlTemplate\":\"https:\/\/www.portedegeneve.com\/it\/?s={search_term_string}\"},\"query-input\":{\"@type\":\"PropertyValueSpecification\",\"valueRequired\":true,\"valueName\":\"search_term_string\"}}],\"inLanguage\":\"it-IT\"},{\"@type\":\"Organization\",\"@id\":\"https:\/\/www.portedegeneve.com\/it\/#organization\",\"name\":\"Hotel Porte de Gen\u00e8ve\",\"url\":\"https:\/\/www.portedegeneve.com\/it\/\",\"logo\":{\"@type\":\"ImageObject\",\"inLanguage\":\"it-IT\",\"@id\":\"https:\/\/www.portedegeneve.com\/it\/#\/schema\/logo\/image\/\",\"url\":\"https:\/\/www.portedegeneve.com\/wp-content\/uploads\/2019\/06\/portes_de_geneve_logo_min.png\",\"contentUrl\":\"https:\/\/www.portedegeneve.com\/wp-content\/uploads\/2019\/06\/portes_de_geneve_logo_min.png\",\"width\":224,\"height\":67,\"caption\":\"Hotel Porte de Gen\u00e8ve\"},\"image\":{\"@id\":\"https:\/\/www.portedegeneve.com\/it\/#\/schema\/logo\/image\/\"}}]}<\/script>","yoast_head_json":{"title":"Servizi - H\u00f4tel Porte de Gen\u00e8ve","robots":{"index":"index","follow":"follow","max-snippet":"max-snippet:-1","max-image-preview":"max-image-preview:large","max-video-preview":"max-video-preview:-1"},"canonical":"https:\/\/www.portedegeneve.com\/it\/servizi\/","og_locale":"it_IT","og_type":"article","og_title":"Servizi - H\u00f4tel Porte de Gen\u00e8ve","og_description":"[vc_row css=&#8221;.vc_custom_1561092546871{padding-bottom: 35px !important;}&#8221;][vc_column][\/vc_column][\/vc_row]","og_url":"https:\/\/www.portedegeneve.com\/it\/servizi\/","og_site_name":"H\u00f4tel Porte de Gen\u00e8ve","article_modified_time":"2019-07-29T08:47:04+00:00","twitter_card":"summary_large_image","schema":{"@context":"https:\/\/schema.org","@graph":[{"@type":"WebPage","@id":"https:\/\/www.portedegeneve.com\/it\/servizi\/","url":"https:\/\/www.portedegeneve.com\/it\/servizi\/","name":"Servizi - H\u00f4tel Porte de Gen\u00e8ve","isPartOf":{"@id":"https:\/\/www.portedegeneve.com\/it\/#website"},"datePublished":"2019-07-28T19:19:57+00:00","dateModified":"2019-07-29T08:47:04+00:00","breadcrumb":{"@id":"https:\/\/www.portedegeneve.com\/it\/servizi\/#breadcrumb"},"inLanguage":"it-IT","potentialAction":[{"@type":"ReadAction","target":["https:\/\/www.portedegeneve.com\/it\/servizi\/"]}]},{"@type":"BreadcrumbList","@id":"https:\/\/www.portedegeneve.com\/it\/servizi\/#breadcrumb","itemListElement":[{"@type":"ListItem","position":1,"name":"Accueil","item":"https:\/\/www.portedegeneve.com\/it\/"},{"@type":"ListItem","position":2,"name":"Servizi"}]},{"@type":"WebSite","@id":"https:\/\/www.portedegeneve.com\/it\/#website","url":"https:\/\/www.portedegeneve.com\/it\/","name":"H\u00f4tel Porte de Gen\u00e8ve","description":"H\u00f4tel Porte de Gen\u00e8ve","publisher":{"@id":"https:\/\/www.portedegeneve.com\/it\/#organization"},"potentialAction":[{"@type":"SearchAction","target":{"@type":"EntryPoint","urlTemplate":"https:\/\/www.portedegeneve.com\/it\/?s={search_term_string}"},"query-input":{"@type":"PropertyValueSpecification","valueRequired":true,"valueName":"search_term_string"}}],"inLanguage":"it-IT"},{"@type":"Organization","@id":"https:\/\/www.portedegeneve.com\/it\/#organization","name":"Hotel Porte de Gen\u00e8ve","url":"https:\/\/www.portedegeneve.com\/it\/","logo":{"@type":"ImageObject","inLanguage":"it-IT","@id":"https:\/\/www.portedegeneve.com\/it\/#\/schema\/logo\/image\/","url":"https:\/\/www.portedegeneve.com\/wp-content\/uploads\/2019\/06\/portes_de_geneve_logo_min.png","contentUrl":"https:\/\/www.portedegeneve.com\/wp-content\/uploads\/2019\/06\/portes_de_geneve_logo_min.png","width":224,"height":67,"caption":"Hotel Porte de Gen\u00e8ve"},"image":{"@id":"https:\/\/www.portedegeneve.com\/it\/#\/schema\/logo\/image\/"}}]}},"_links":{"self":[{"href":"https:\/\/www.portedegeneve.com\/it\/wp-json\/wp\/v2\/pages\/1759","targetHints":{"allow":["GET"]}}],"collection":[{"href":"https:\/\/www.portedegeneve.com\/it\/wp-json\/wp\/v2\/pages"}],"about":[{"href":"https:\/\/www.portedegeneve.com\/it\/wp-json\/wp\/v2\/types\/page"}],"author":[{"embeddable":true,"href":"https:\/\/www.portedegeneve.com\/it\/wp-json\/wp\/v2\/users\/2"}],"replies":[{"embeddable":true,"href":"https:\/\/www.portedegeneve.com\/it\/wp-json\/wp\/v2\/comments?post=1759"}],"version-history":[{"count":0,"href":"https:\/\/www.portedegeneve.com\/it\/wp-json\/wp\/v2\/pages\/1759\/revisions"}],"wp:attachment":[{"href":"https:\/\/www.portedegeneve.com\/it\/wp-json\/wp\/v2\/media?parent=1759"}],"curies":[{"name":"wp","href":"https:\/\/api.w.org\/{rel}","templated":true}]}}