{"id":1746,"date":"2019-07-28T17:14:11","date_gmt":"2019-07-28T17:14:11","guid":{"rendered":"http:\/\/www.portedegeneve.com\/ristorante\/"},"modified":"2025-01-30T10:26:32","modified_gmt":"2025-01-30T10:26:32","slug":"ristorante","status":"publish","type":"page","link":"https:\/\/www.portedegeneve.com\/it\/ristorante\/","title":{"rendered":"Ristorante"},"content":{"rendered":"[vc_row wrap_container=&#8221;true&#8221; el_id=&#8221;restaurant-food-menu-section&#8221;][vc_column][vc_custom_heading text=&#8221;Ristorante savoiardo Annemasse&#8221; font_container=&#8221;tag:h1|font_size:30px|text_align:left|color:%23381504|line_height:35px&#8221; google_fonts=&#8221;font_family:Signika%20Negative%3A300%2Cregular%2C600%2C700|font_style:400%20regular%3A400%3Anormal&#8221; css=&#8221;.vc_custom_1565948841683{margin-top: 0px !important;margin-bottom: 40px !important;}&#8221;][\/vc_column][\/vc_row][vc_row wrap_container=&#8221;true&#8221; css=&#8221;.vc_custom_1565945368897{padding-bottom: 15px !important;}&#8221;][vc_column][vc_column_text]L\u2019offerta culinaria, a base di <b>prodotti locali<\/b>, d\u00e0 ampio spazio alle <b>ricette tradizionali savoiarde<\/b> (raclette, tartiflette), ma anche a &#8220;piatti del giorno&#8221;, per una scelta personalizzata di gusti e sapori. Avrete la possibilit\u00e0 di scegliere tra 2 antipasti, 2 piatti e 4 dessert. Tutte le nostre specialit\u00e0 sono fatte in casa, esclusivamente con prodotti di stagione. Di conseguenza, il nostro menu cambia regolarmente. Non esitate a venirci a trovare!<\/p>\n<p>Piatto del giorno: 15\u20ac<br \/>\nMenu 2 portate: 21\u20ac<br \/>\nMenu 3 portate: 27 \u20ac<\/p>\n<p><b>Il ristorante Le bistrot des alpes: orari e servizi<\/b><\/p>\n<p>Il ristorante Le bistrot des alpes \u00e8 aperto la sera dal luned\u00ec al venerd\u00ec, dalle 19:00 alle 20:30 (ultimo ordine). Durante la bella stagione, potrete cenare all\u2019aria aperta sulla <b>terrazza fiorita e ombreggiata dell\u2019hotel, ai piedi del monte Saleve.<\/b>[\/vc_column_text]<div id=\"lordcros-button-237469e058a9759a9\" class=\"lordcros-shortcode-button  vc_custom_1638811173452\" style=\"animation-delay: 1s;\"><a href=\"https:\/\/www.portedegeneve.com\/wp-content\/uploads\/2021\/12\/bistrot-des-alpres-porte-de-geneve-it.pdf\" target=\"_blank\" class=\"lordcros-btn primary-clr rectangle-style medium\"><span>Scopri il nostro men\u00f9<\/span><\/a><\/div>[\/vc_column][\/vc_row][vc_row wrap_container=&#8221;true&#8221; css=&#8221;.vc_custom_1561332669113{padding-top: 35px !important;}&#8221;][vc_column][vc_custom_heading text=&#8221;Soggiorno con cena gourmet inclusa all\u2019hotel Porte de Gen\u00e8ve&#8221; font_container=&#8221;tag:h2|font_size:30px|text_align:left|color:%23381504|line_height:35px&#8221; google_fonts=&#8221;font_family:Signika%20Negative%3A300%2Cregular%2C600%2C700|font_style:400%20regular%3A400%3Anormal&#8221; css=&#8221;.vc_custom_1565948857006{margin-top: 0px !important;margin-bottom: 40px !important;}&#8221;][\/vc_column][\/vc_row][vc_row wrap_container=&#8221;true&#8221; css=&#8221;.vc_custom_1561333096631{padding-bottom: 40px !important;}&#8221;][vc_column][vc_column_text]L\u2019hotel Porte de Gen\u00e8ve,<b> la comodit\u00e0 di cenare sul posto<\/b>.<\/p>\n<p>Per facilitare e rendere ancora pi\u00f9 gradevole il vostro soggiorno, vi offriamo la possibilit\u00e0 di cenare, in settimana, al <b>ristorante dell\u2019Hotel Porte de Gen\u00e8ve.<\/b><\/p>\n<p>Grazie all\u2019offerta <b>soggiorno con cena<\/b>, potrete dormire in una delle nostre confortevoli camere e cenare al ristorante &#8220;Le bistrot des alpes&#8221; a un prezzo molto competitivo! L\u2019offerta include:<\/p>\n<ul>\n<li>La camera<\/li>\n<li>La colazione<\/li>\n<li>Una cena (Menu del giorno: antipasto &#8211; piatto &#8211; dessert)<\/li>\n<\/ul>\n<p>La cucina con prodotti freschi e di stagione sapr\u00e0 conquistare tutti i palati!<\/p>\n<p>L\u2019inverno, vengono organizzate <b>serate savoiarde<\/b> con, al menu, raclette e fonduta (supplemento 7 \u20ac\/persona)<\/p>\n<p>Possibilit\u00e0 di pasto rapido, tagliere \u201cBonne franquette\u201d<\/p>\n<p>Per i clienti dell\u2019hotel, offriamo la possibilit\u00e0 di ordinare un pasto rapido: il tagliere \u201cBonne franquette\u201d con affettati, formaggi della Savoia e pane. Servito fino alle ore 22.<\/p>\n<p>Prezzo del tagliere \u201cBonne franquette\u201d: 12 euro[\/vc_column_text][\/vc_column][\/vc_row]\n","protected":false},"excerpt":{"rendered":"<p>[vc_row wrap_container=&#8221;true&#8221; el_id=&#8221;restaurant-food-menu-section&#8221;][vc_column][vc_custom_heading text=&#8221;Ristorante savoiardo Annemasse&#8221; font_container=&#8221;tag:h1|font_size:30px|text_align:left|color:%23381504|line_height:35px&#8221; google_fonts=&#8221;font_family:Signika%20Negative%3A300%2Cregular%2C600%2C700|font_style:400%20regular%3A400%3Anormal&#8221; css=&#8221;.vc_custom_1565948841683{margin-top: 0px !important;margin-bottom: 40px !important;}&#8221;][\/vc_column][\/vc_row][vc_row wrap_container=&#8221;true&#8221; css=&#8221;.vc_custom_1565945368897{padding-bottom: 15px !important;}&#8221;][vc_column][vc_column_text]L\u2019offerta culinaria, a base di prodotti locali, d\u00e0 ampio spazio alle ricette tradizionali savoiarde (raclette, tartiflette), ma anche a &#8220;piatti del giorno&#8221;, per una scelta personalizzata di gusti e sapori. Avrete la possibilit\u00e0 di scegliere tra 2 antipasti, 2 [&hellip;]<\/p>\n","protected":false},"author":2,"featured_media":0,"parent":0,"menu_order":0,"comment_status":"closed","ping_status":"closed","template":"","meta":{"_acf_changed":false,"footnotes":""},"class_list":["post-1746","page","type-page","status-publish","hentry"],"acf":[],"yoast_head":"<title>Ristorante Au fil des saisons - Soggiorno con cena tradizionale savoiarda ad Annemasse - Porte de Gen\u00e8ve<\/title>\n<meta name=\"description\" content=\"Scoprite l&#039;offerta soggiorno con cena dell\u2019hotel ad Annemasse, nei pressi di Ginevra. Un ristorante con prodotti freschi di stagione. Serate savoiarde, raclette e fondute.\" \/>\n<meta name=\"robots\" content=\"index, follow, max-snippet:-1, max-image-preview:large, max-video-preview:-1\" \/>\n<link rel=\"canonical\" href=\"https:\/\/www.portedegeneve.com\/it\/ristorante\/\" \/>\n<meta property=\"og:locale\" content=\"it_IT\" \/>\n<meta property=\"og:type\" content=\"article\" \/>\n<meta property=\"og:title\" content=\"Ristorante Au fil des saisons - Soggiorno con cena tradizionale savoiarda ad Annemasse - Porte de Gen\u00e8ve\" \/>\n<meta property=\"og:description\" content=\"Scoprite l&#039;offerta soggiorno con cena dell\u2019hotel ad Annemasse, nei pressi di Ginevra. Un ristorante con prodotti freschi di stagione. Serate savoiarde, raclette e fondute.\" \/>\n<meta property=\"og:url\" content=\"https:\/\/www.portedegeneve.com\/it\/ristorante\/\" \/>\n<meta property=\"og:site_name\" content=\"H\u00f4tel Porte de Gen\u00e8ve\" \/>\n<meta property=\"article:modified_time\" content=\"2025-01-30T10:26:32+00:00\" \/>\n<meta name=\"twitter:card\" content=\"summary_large_image\" \/>\n<meta name=\"twitter:label1\" content=\"Est. reading time\" \/>\n\t<meta name=\"twitter:data1\" content=\"2 minuti\" \/>\n<script type=\"application\/ld+json\" class=\"yoast-schema-graph\">{\"@context\":\"https:\/\/schema.org\",\"@graph\":[{\"@type\":\"WebPage\",\"@id\":\"https:\/\/www.portedegeneve.com\/it\/ristorante\/\",\"url\":\"https:\/\/www.portedegeneve.com\/it\/ristorante\/\",\"name\":\"Ristorante Au fil des saisons - Soggiorno con cena tradizionale savoiarda ad Annemasse - Porte de Gen\u00e8ve\",\"isPartOf\":{\"@id\":\"https:\/\/www.portedegeneve.com\/it\/#website\"},\"datePublished\":\"2019-07-28T17:14:11+00:00\",\"dateModified\":\"2025-01-30T10:26:32+00:00\",\"description\":\"Scoprite l'offerta soggiorno con cena dell\u2019hotel ad Annemasse, nei pressi di Ginevra. Un ristorante con prodotti freschi di stagione. Serate savoiarde, raclette e fondute.\",\"breadcrumb\":{\"@id\":\"https:\/\/www.portedegeneve.com\/it\/ristorante\/#breadcrumb\"},\"inLanguage\":\"it-IT\",\"potentialAction\":[{\"@type\":\"ReadAction\",\"target\":[\"https:\/\/www.portedegeneve.com\/it\/ristorante\/\"]}]},{\"@type\":\"BreadcrumbList\",\"@id\":\"https:\/\/www.portedegeneve.com\/it\/ristorante\/#breadcrumb\",\"itemListElement\":[{\"@type\":\"ListItem\",\"position\":1,\"name\":\"Accueil\",\"item\":\"https:\/\/www.portedegeneve.com\/it\/\"},{\"@type\":\"ListItem\",\"position\":2,\"name\":\"Ristorante\"}]},{\"@type\":\"WebSite\",\"@id\":\"https:\/\/www.portedegeneve.com\/it\/#website\",\"url\":\"https:\/\/www.portedegeneve.com\/it\/\",\"name\":\"H\u00f4tel Porte de Gen\u00e8ve\",\"description\":\"H\u00f4tel Porte de Gen\u00e8ve\",\"publisher\":{\"@id\":\"https:\/\/www.portedegeneve.com\/it\/#organization\"},\"potentialAction\":[{\"@type\":\"SearchAction\",\"target\":{\"@type\":\"EntryPoint\",\"urlTemplate\":\"https:\/\/www.portedegeneve.com\/it\/?s={search_term_string}\"},\"query-input\":{\"@type\":\"PropertyValueSpecification\",\"valueRequired\":true,\"valueName\":\"search_term_string\"}}],\"inLanguage\":\"it-IT\"},{\"@type\":\"Organization\",\"@id\":\"https:\/\/www.portedegeneve.com\/it\/#organization\",\"name\":\"Hotel Porte de Gen\u00e8ve\",\"url\":\"https:\/\/www.portedegeneve.com\/it\/\",\"logo\":{\"@type\":\"ImageObject\",\"inLanguage\":\"it-IT\",\"@id\":\"https:\/\/www.portedegeneve.com\/it\/#\/schema\/logo\/image\/\",\"url\":\"https:\/\/www.portedegeneve.com\/wp-content\/uploads\/2019\/06\/portes_de_geneve_logo_min.png\",\"contentUrl\":\"https:\/\/www.portedegeneve.com\/wp-content\/uploads\/2019\/06\/portes_de_geneve_logo_min.png\",\"width\":224,\"height\":67,\"caption\":\"Hotel Porte de Gen\u00e8ve\"},\"image\":{\"@id\":\"https:\/\/www.portedegeneve.com\/it\/#\/schema\/logo\/image\/\"}}]}<\/script>","yoast_head_json":{"title":"Ristorante Au fil des saisons - Soggiorno con cena tradizionale savoiarda ad Annemasse - Porte de Gen\u00e8ve","description":"Scoprite l'offerta soggiorno con cena dell\u2019hotel ad Annemasse, nei pressi di Ginevra. Un ristorante con prodotti freschi di stagione. Serate savoiarde, raclette e fondute.","robots":{"index":"index","follow":"follow","max-snippet":"max-snippet:-1","max-image-preview":"max-image-preview:large","max-video-preview":"max-video-preview:-1"},"canonical":"https:\/\/www.portedegeneve.com\/it\/ristorante\/","og_locale":"it_IT","og_type":"article","og_title":"Ristorante Au fil des saisons - Soggiorno con cena tradizionale savoiarda ad Annemasse - Porte de Gen\u00e8ve","og_description":"Scoprite l'offerta soggiorno con cena dell\u2019hotel ad Annemasse, nei pressi di Ginevra. Un ristorante con prodotti freschi di stagione. Serate savoiarde, raclette e fondute.","og_url":"https:\/\/www.portedegeneve.com\/it\/ristorante\/","og_site_name":"H\u00f4tel Porte de Gen\u00e8ve","article_modified_time":"2025-01-30T10:26:32+00:00","twitter_card":"summary_large_image","twitter_misc":{"Est. reading time":"2 minuti"},"schema":{"@context":"https:\/\/schema.org","@graph":[{"@type":"WebPage","@id":"https:\/\/www.portedegeneve.com\/it\/ristorante\/","url":"https:\/\/www.portedegeneve.com\/it\/ristorante\/","name":"Ristorante Au fil des saisons - Soggiorno con cena tradizionale savoiarda ad Annemasse - Porte de Gen\u00e8ve","isPartOf":{"@id":"https:\/\/www.portedegeneve.com\/it\/#website"},"datePublished":"2019-07-28T17:14:11+00:00","dateModified":"2025-01-30T10:26:32+00:00","description":"Scoprite l'offerta soggiorno con cena dell\u2019hotel ad Annemasse, nei pressi di Ginevra. Un ristorante con prodotti freschi di stagione. Serate savoiarde, raclette e fondute.","breadcrumb":{"@id":"https:\/\/www.portedegeneve.com\/it\/ristorante\/#breadcrumb"},"inLanguage":"it-IT","potentialAction":[{"@type":"ReadAction","target":["https:\/\/www.portedegeneve.com\/it\/ristorante\/"]}]},{"@type":"BreadcrumbList","@id":"https:\/\/www.portedegeneve.com\/it\/ristorante\/#breadcrumb","itemListElement":[{"@type":"ListItem","position":1,"name":"Accueil","item":"https:\/\/www.portedegeneve.com\/it\/"},{"@type":"ListItem","position":2,"name":"Ristorante"}]},{"@type":"WebSite","@id":"https:\/\/www.portedegeneve.com\/it\/#website","url":"https:\/\/www.portedegeneve.com\/it\/","name":"H\u00f4tel Porte de Gen\u00e8ve","description":"H\u00f4tel Porte de Gen\u00e8ve","publisher":{"@id":"https:\/\/www.portedegeneve.com\/it\/#organization"},"potentialAction":[{"@type":"SearchAction","target":{"@type":"EntryPoint","urlTemplate":"https:\/\/www.portedegeneve.com\/it\/?s={search_term_string}"},"query-input":{"@type":"PropertyValueSpecification","valueRequired":true,"valueName":"search_term_string"}}],"inLanguage":"it-IT"},{"@type":"Organization","@id":"https:\/\/www.portedegeneve.com\/it\/#organization","name":"Hotel Porte de Gen\u00e8ve","url":"https:\/\/www.portedegeneve.com\/it\/","logo":{"@type":"ImageObject","inLanguage":"it-IT","@id":"https:\/\/www.portedegeneve.com\/it\/#\/schema\/logo\/image\/","url":"https:\/\/www.portedegeneve.com\/wp-content\/uploads\/2019\/06\/portes_de_geneve_logo_min.png","contentUrl":"https:\/\/www.portedegeneve.com\/wp-content\/uploads\/2019\/06\/portes_de_geneve_logo_min.png","width":224,"height":67,"caption":"Hotel Porte de Gen\u00e8ve"},"image":{"@id":"https:\/\/www.portedegeneve.com\/it\/#\/schema\/logo\/image\/"}}]}},"_links":{"self":[{"href":"https:\/\/www.portedegeneve.com\/it\/wp-json\/wp\/v2\/pages\/1746","targetHints":{"allow":["GET"]}}],"collection":[{"href":"https:\/\/www.portedegeneve.com\/it\/wp-json\/wp\/v2\/pages"}],"about":[{"href":"https:\/\/www.portedegeneve.com\/it\/wp-json\/wp\/v2\/types\/page"}],"author":[{"embeddable":true,"href":"https:\/\/www.portedegeneve.com\/it\/wp-json\/wp\/v2\/users\/2"}],"replies":[{"embeddable":true,"href":"https:\/\/www.portedegeneve.com\/it\/wp-json\/wp\/v2\/comments?post=1746"}],"version-history":[{"count":4,"href":"https:\/\/www.portedegeneve.com\/it\/wp-json\/wp\/v2\/pages\/1746\/revisions"}],"predecessor-version":[{"id":15910,"href":"https:\/\/www.portedegeneve.com\/it\/wp-json\/wp\/v2\/pages\/1746\/revisions\/15910"}],"wp:attachment":[{"href":"https:\/\/www.portedegeneve.com\/it\/wp-json\/wp\/v2\/media?parent=1746"}],"curies":[{"name":"wp","href":"https:\/\/api.w.org\/{rel}","templated":true}]}}