{"id":678,"date":"2019-05-20T11:34:43","date_gmt":"2019-05-20T11:34:43","guid":{"rendered":"http:\/\/hotel-vendome-nice.com\/services\/"},"modified":"2019-07-26T15:46:13","modified_gmt":"2019-07-26T15:46:13","slug":"services","status":"publish","type":"page","link":"https:\/\/www.portedegeneve.com\/fr\/services\/","title":{"rendered":"Services"},"content":{"rendered":"[vc_row css=&#8221;.vc_custom_1561092546871{padding-bottom: 35px !important;}&#8221;][vc_column]\t\t<div id=\"lordcros-services-630269f24cd1d668f\" class=\"lordcros-shortcode-element lordcros-shortcode-services style2  color-scheme-dark \" style=\"animation-delay: 1s;\">\r\n\t\t\t\t\t\r\n\t\t\t\t\t\t\t\r\n\t\t\t\t\r\n\t\t\t\t\r\n\t\t\t\t<div class=\"lordcros-shortcode-services-wrapper\">\r\n\t\t\t\t\t\t\t\t\t\t\t<div class=\"service-item\">\r\n\t\t\t\t\t\t\t<div class=\"service-thumbs\">\r\n\t\t\t\t\t\t\t\t<a href=\"https:\/\/www.portedegeneve.com\/fr\/service\/restaurant-soirees-etapes\/\" class=\"service-featured-img\">\r\n\t\t\t\t\t\t\t\t\t<img decoding=\"async\" width=\"570\" height=\"450\" src=\"https:\/\/www.portedegeneve.com\/wp-content\/uploads\/2019\/07\/IMG-20200715-WA0013-570x450.jpg\" class=\"attachment-lordcros-service-list size-lordcros-service-list wp-post-image\" alt=\"\" \/>\t\t\t\t\t\t\t\t<\/a>\t\t\t\t\t\t\r\n\t\t\t\t\t\t\t<\/div>\r\n\t\t\t\t\t\t\t<div class=\"service-infobox\">\r\n\t\t\t\t\t\t\t\t<div class=\"service-infobox-wrap\">\r\n\t\t\t\t\t\t\t\t\t<span class=\"featured-icon\">\r\n\t\t\t\t\t\t\t\t\t\t\t\t\t\t\t\t\t\t\t\t\t<img decoding=\"async\" src=\"https:\/\/www.portedegeneve.com\/wp-content\/uploads\/2019\/06\/service-bar-salon-icon.png\">\r\n\t\t\t\t\t\t\t\t\t\t\t\t\t\t\t\t\t\t\t\t<\/span>\r\n\r\n\t\t\t\t\t\t\t\t\t<h3 class=\"service-title\">\r\n\t\t\t\t\t\t\t\t\t\t<a href=\"https:\/\/www.portedegeneve.com\/fr\/service\/restaurant-soirees-etapes\/\">Restaurant et soir\u00e9es \u00e9tape<\/a>\r\n\t\t\t\t\t\t\t\t\t<\/h3>\r\n\t\t\t\t\t\t\t\t\t\r\n\t\t\t\t\t\t\t\t\t<div class=\"brief\">\r\n\t\t\t\t\t\t\t\t\t\tUn restaurant savoyard et de saison \u00e0 Annemasse La cuisine compos\u00e9e \u00e0 partir de produits locaux fait...\t\t\t\t\t\t\t\t\t<\/div>\r\n\t\t\t\t\t\t\t\t\t<a href=\"https:\/\/www.portedegeneve.com\/fr\/service\/restaurant-soirees-etapes\/\" class=\"service-read-more\">En savoir plus<i class=\"lordcros lordcros-arrow-right\"><\/i><\/a>\r\n\t\t\t\t\t\t\t\t<\/div>\r\n\t\t\t\t\t\t\t<\/div>\r\n\t\t\t\t\t\t<\/div>\r\n\t\t\t\t\t\t\t\t\t\t\t\t<div class=\"service-item\">\r\n\t\t\t\t\t\t\t<div class=\"service-thumbs\">\r\n\t\t\t\t\t\t\t\t<a href=\"https:\/\/www.portedegeneve.com\/fr\/service\/petit-dejeuner\/\" class=\"service-featured-img\">\r\n\t\t\t\t\t\t\t\t\t<img decoding=\"async\" width=\"570\" height=\"450\" src=\"https:\/\/www.portedegeneve.com\/wp-content\/uploads\/2019\/04\/73955306-570x450.jpg\" class=\"attachment-lordcros-service-list size-lordcros-service-list wp-post-image\" alt=\"\" \/>\t\t\t\t\t\t\t\t<\/a>\t\t\t\t\t\t\r\n\t\t\t\t\t\t\t<\/div>\r\n\t\t\t\t\t\t\t<div class=\"service-infobox\">\r\n\t\t\t\t\t\t\t\t<div class=\"service-infobox-wrap\">\r\n\t\t\t\t\t\t\t\t\t<span class=\"featured-icon\">\r\n\t\t\t\t\t\t\t\t\t\t\t\t\t\t\t\t\t\t\t\t\t<img decoding=\"async\" src=\"https:\/\/www.portedegeneve.com\/wp-content\/uploads\/2019\/04\/petit-dejeuner-cup-icon-1.png\">\r\n\t\t\t\t\t\t\t\t\t\t\t\t\t\t\t\t\t\t\t\t<\/span>\r\n\r\n\t\t\t\t\t\t\t\t\t<h3 class=\"service-title\">\r\n\t\t\t\t\t\t\t\t\t\t<a href=\"https:\/\/www.portedegeneve.com\/fr\/service\/petit-dejeuner\/\">Petit d\u00e9jeuner buffet<\/a>\r\n\t\t\t\t\t\t\t\t\t<\/h3>\r\n\t\t\t\t\t\t\t\t\t\r\n\t\t\t\t\t\t\t\t\t<div class=\"brief\">\r\n\t\t\t\t\t\t\t\t\t\tPetit-d\u00e9jeuner buffet L\u2019H\u00f4tel Porte de Gen\u00e8ve vous propose un petit d\u00e9jeuner buffet gourmand pour bien commencer la...\t\t\t\t\t\t\t\t\t<\/div>\r\n\t\t\t\t\t\t\t\t\t<a href=\"https:\/\/www.portedegeneve.com\/fr\/service\/petit-dejeuner\/\" class=\"service-read-more\">En savoir plus<i class=\"lordcros lordcros-arrow-right\"><\/i><\/a>\r\n\t\t\t\t\t\t\t\t<\/div>\r\n\t\t\t\t\t\t\t<\/div>\r\n\t\t\t\t\t\t<\/div>\r\n\t\t\t\t\t\t\t\t\t\t\t\t<div class=\"service-item\">\r\n\t\t\t\t\t\t\t<div class=\"service-thumbs\">\r\n\t\t\t\t\t\t\t\t<a href=\"https:\/\/www.portedegeneve.com\/fr\/service\/informations-utiles\/\" class=\"service-featured-img\">\r\n\t\t\t\t\t\t\t\t\t<img decoding=\"async\" width=\"570\" height=\"450\" src=\"https:\/\/www.portedegeneve.com\/wp-content\/uploads\/2019\/04\/portes_de_geneve_informations_utiles1-570x450.jpg\" class=\"attachment-lordcros-service-list size-lordcros-service-list wp-post-image\" alt=\"\" \/>\t\t\t\t\t\t\t\t<\/a>\t\t\t\t\t\t\r\n\t\t\t\t\t\t\t<\/div>\r\n\t\t\t\t\t\t\t<div class=\"service-infobox\">\r\n\t\t\t\t\t\t\t\t<div class=\"service-infobox-wrap\">\r\n\t\t\t\t\t\t\t\t\t<span class=\"featured-icon\">\r\n\t\t\t\t\t\t\t\t\t\t\t\t\t\t\t\t\t\t\t\t\t<img decoding=\"async\" src=\"https:\/\/www.portedegeneve.com\/wp-content\/uploads\/2019\/04\/isle_annecy_icon_informations_utiles-_1.png\">\r\n\t\t\t\t\t\t\t\t\t\t\t\t\t\t\t\t\t\t\t\t<\/span>\r\n\r\n\t\t\t\t\t\t\t\t\t<h3 class=\"service-title\">\r\n\t\t\t\t\t\t\t\t\t\t<a href=\"https:\/\/www.portedegeneve.com\/fr\/service\/informations-utiles\/\">Informations utiles<\/a>\r\n\t\t\t\t\t\t\t\t\t<\/h3>\r\n\t\t\t\t\t\t\t\t\t\r\n\t\t\t\t\t\t\t\t\t<div class=\"brief\">\r\n\t\t\t\t\t\t\t\t\t\tRetrouvez toutes les informations pratiques afin de faciliter votre s\u00e9jour \u00e0 l\u2019h\u00f4tel Portes de Gen\u00e8ve &nbsp; Heure...\t\t\t\t\t\t\t\t\t<\/div>\r\n\t\t\t\t\t\t\t\t\t<a href=\"https:\/\/www.portedegeneve.com\/fr\/service\/informations-utiles\/\" class=\"service-read-more\">En savoir plus<i class=\"lordcros lordcros-arrow-right\"><\/i><\/a>\r\n\t\t\t\t\t\t\t\t<\/div>\r\n\t\t\t\t\t\t\t<\/div>\r\n\t\t\t\t\t\t<\/div>\r\n\t\t\t\t\t\t\t\t\t\t<\/div>\r\n\r\n\t\t\t\r\n\t\t<\/div>\r\n\t\t[\/vc_column][\/vc_row]\n","protected":false},"excerpt":{"rendered":"<p>[vc_row css=&#8221;.vc_custom_1561092546871{padding-bottom: 35px !important;}&#8221;][vc_column][\/vc_column][\/vc_row]<\/p>\n","protected":false},"author":2,"featured_media":0,"parent":0,"menu_order":0,"comment_status":"closed","ping_status":"closed","template":"","meta":{"_acf_changed":false,"footnotes":""},"class_list":["post-678","page","type-page","status-publish","hentry"],"acf":[],"yoast_head":"<title>Services - H\u00f4tel Porte de Gen\u00e8ve<\/title>\n<meta name=\"robots\" content=\"index, follow, max-snippet:-1, max-image-preview:large, max-video-preview:-1\" \/>\n<link rel=\"canonical\" href=\"https:\/\/www.portedegeneve.com\/fr\/services\/\" \/>\n<meta property=\"og:locale\" content=\"fr_FR\" \/>\n<meta property=\"og:type\" content=\"article\" \/>\n<meta property=\"og:title\" content=\"Services - H\u00f4tel Porte de Gen\u00e8ve\" \/>\n<meta property=\"og:description\" content=\"[vc_row css=&#8221;.vc_custom_1561092546871{padding-bottom: 35px !important;}&#8221;][vc_column][\/vc_column][\/vc_row]\" \/>\n<meta property=\"og:url\" content=\"https:\/\/www.portedegeneve.com\/fr\/services\/\" \/>\n<meta property=\"og:site_name\" content=\"H\u00f4tel Porte de Gen\u00e8ve\" \/>\n<meta property=\"article:modified_time\" content=\"2019-07-26T15:46:13+00:00\" \/>\n<meta name=\"twitter:card\" content=\"summary_large_image\" \/>\n<script type=\"application\/ld+json\" class=\"yoast-schema-graph\">{\"@context\":\"https:\/\/schema.org\",\"@graph\":[{\"@type\":\"WebPage\",\"@id\":\"https:\/\/www.portedegeneve.com\/fr\/services\/\",\"url\":\"https:\/\/www.portedegeneve.com\/fr\/services\/\",\"name\":\"Services - H\u00f4tel Porte de Gen\u00e8ve\",\"isPartOf\":{\"@id\":\"https:\/\/www.portedegeneve.com\/fr\/#website\"},\"datePublished\":\"2019-05-20T11:34:43+00:00\",\"dateModified\":\"2019-07-26T15:46:13+00:00\",\"breadcrumb\":{\"@id\":\"https:\/\/www.portedegeneve.com\/fr\/services\/#breadcrumb\"},\"inLanguage\":\"fr-FR\",\"potentialAction\":[{\"@type\":\"ReadAction\",\"target\":[\"https:\/\/www.portedegeneve.com\/fr\/services\/\"]}]},{\"@type\":\"BreadcrumbList\",\"@id\":\"https:\/\/www.portedegeneve.com\/fr\/services\/#breadcrumb\",\"itemListElement\":[{\"@type\":\"ListItem\",\"position\":1,\"name\":\"Accueil\",\"item\":\"https:\/\/www.portedegeneve.com\/fr\/\"},{\"@type\":\"ListItem\",\"position\":2,\"name\":\"Services\"}]},{\"@type\":\"WebSite\",\"@id\":\"https:\/\/www.portedegeneve.com\/fr\/#website\",\"url\":\"https:\/\/www.portedegeneve.com\/fr\/\",\"name\":\"H\u00f4tel Porte de Gen\u00e8ve\",\"description\":\"H\u00f4tel Porte de Gen\u00e8ve\",\"publisher\":{\"@id\":\"https:\/\/www.portedegeneve.com\/fr\/#organization\"},\"potentialAction\":[{\"@type\":\"SearchAction\",\"target\":{\"@type\":\"EntryPoint\",\"urlTemplate\":\"https:\/\/www.portedegeneve.com\/fr\/?s={search_term_string}\"},\"query-input\":{\"@type\":\"PropertyValueSpecification\",\"valueRequired\":true,\"valueName\":\"search_term_string\"}}],\"inLanguage\":\"fr-FR\"},{\"@type\":\"Organization\",\"@id\":\"https:\/\/www.portedegeneve.com\/fr\/#organization\",\"name\":\"Hotel Porte de Gen\u00e8ve\",\"url\":\"https:\/\/www.portedegeneve.com\/fr\/\",\"logo\":{\"@type\":\"ImageObject\",\"inLanguage\":\"fr-FR\",\"@id\":\"https:\/\/www.portedegeneve.com\/fr\/#\/schema\/logo\/image\/\",\"url\":\"https:\/\/www.portedegeneve.com\/wp-content\/uploads\/2019\/06\/portes_de_geneve_logo_min.png\",\"contentUrl\":\"https:\/\/www.portedegeneve.com\/wp-content\/uploads\/2019\/06\/portes_de_geneve_logo_min.png\",\"width\":224,\"height\":67,\"caption\":\"Hotel Porte de Gen\u00e8ve\"},\"image\":{\"@id\":\"https:\/\/www.portedegeneve.com\/fr\/#\/schema\/logo\/image\/\"}}]}<\/script>","yoast_head_json":{"title":"Services - H\u00f4tel Porte de Gen\u00e8ve","robots":{"index":"index","follow":"follow","max-snippet":"max-snippet:-1","max-image-preview":"max-image-preview:large","max-video-preview":"max-video-preview:-1"},"canonical":"https:\/\/www.portedegeneve.com\/fr\/services\/","og_locale":"fr_FR","og_type":"article","og_title":"Services - H\u00f4tel Porte de Gen\u00e8ve","og_description":"[vc_row css=&#8221;.vc_custom_1561092546871{padding-bottom: 35px !important;}&#8221;][vc_column][\/vc_column][\/vc_row]","og_url":"https:\/\/www.portedegeneve.com\/fr\/services\/","og_site_name":"H\u00f4tel Porte de Gen\u00e8ve","article_modified_time":"2019-07-26T15:46:13+00:00","twitter_card":"summary_large_image","schema":{"@context":"https:\/\/schema.org","@graph":[{"@type":"WebPage","@id":"https:\/\/www.portedegeneve.com\/fr\/services\/","url":"https:\/\/www.portedegeneve.com\/fr\/services\/","name":"Services - H\u00f4tel Porte de Gen\u00e8ve","isPartOf":{"@id":"https:\/\/www.portedegeneve.com\/fr\/#website"},"datePublished":"2019-05-20T11:34:43+00:00","dateModified":"2019-07-26T15:46:13+00:00","breadcrumb":{"@id":"https:\/\/www.portedegeneve.com\/fr\/services\/#breadcrumb"},"inLanguage":"fr-FR","potentialAction":[{"@type":"ReadAction","target":["https:\/\/www.portedegeneve.com\/fr\/services\/"]}]},{"@type":"BreadcrumbList","@id":"https:\/\/www.portedegeneve.com\/fr\/services\/#breadcrumb","itemListElement":[{"@type":"ListItem","position":1,"name":"Accueil","item":"https:\/\/www.portedegeneve.com\/fr\/"},{"@type":"ListItem","position":2,"name":"Services"}]},{"@type":"WebSite","@id":"https:\/\/www.portedegeneve.com\/fr\/#website","url":"https:\/\/www.portedegeneve.com\/fr\/","name":"H\u00f4tel Porte de Gen\u00e8ve","description":"H\u00f4tel Porte de Gen\u00e8ve","publisher":{"@id":"https:\/\/www.portedegeneve.com\/fr\/#organization"},"potentialAction":[{"@type":"SearchAction","target":{"@type":"EntryPoint","urlTemplate":"https:\/\/www.portedegeneve.com\/fr\/?s={search_term_string}"},"query-input":{"@type":"PropertyValueSpecification","valueRequired":true,"valueName":"search_term_string"}}],"inLanguage":"fr-FR"},{"@type":"Organization","@id":"https:\/\/www.portedegeneve.com\/fr\/#organization","name":"Hotel Porte de Gen\u00e8ve","url":"https:\/\/www.portedegeneve.com\/fr\/","logo":{"@type":"ImageObject","inLanguage":"fr-FR","@id":"https:\/\/www.portedegeneve.com\/fr\/#\/schema\/logo\/image\/","url":"https:\/\/www.portedegeneve.com\/wp-content\/uploads\/2019\/06\/portes_de_geneve_logo_min.png","contentUrl":"https:\/\/www.portedegeneve.com\/wp-content\/uploads\/2019\/06\/portes_de_geneve_logo_min.png","width":224,"height":67,"caption":"Hotel Porte de Gen\u00e8ve"},"image":{"@id":"https:\/\/www.portedegeneve.com\/fr\/#\/schema\/logo\/image\/"}}]}},"_links":{"self":[{"href":"https:\/\/www.portedegeneve.com\/fr\/wp-json\/wp\/v2\/pages\/678","targetHints":{"allow":["GET"]}}],"collection":[{"href":"https:\/\/www.portedegeneve.com\/fr\/wp-json\/wp\/v2\/pages"}],"about":[{"href":"https:\/\/www.portedegeneve.com\/fr\/wp-json\/wp\/v2\/types\/page"}],"author":[{"embeddable":true,"href":"https:\/\/www.portedegeneve.com\/fr\/wp-json\/wp\/v2\/users\/2"}],"replies":[{"embeddable":true,"href":"https:\/\/www.portedegeneve.com\/fr\/wp-json\/wp\/v2\/comments?post=678"}],"version-history":[{"count":0,"href":"https:\/\/www.portedegeneve.com\/fr\/wp-json\/wp\/v2\/pages\/678\/revisions"}],"wp:attachment":[{"href":"https:\/\/www.portedegeneve.com\/fr\/wp-json\/wp\/v2\/media?parent=678"}],"curies":[{"name":"wp","href":"https:\/\/api.w.org\/{rel}","templated":true}]}}