{"id":673,"date":"2019-05-20T11:39:46","date_gmt":"2019-05-20T11:39:46","guid":{"rendered":"http:\/\/hotel-vendome-nice.com\/city-guide-la-region\/"},"modified":"2019-09-02T09:53:05","modified_gmt":"2019-09-02T09:53:05","slug":"city-guide-la-region","status":"publish","type":"page","link":"https:\/\/www.portedegeneve.com\/fr\/city-guide-la-region\/","title":{"rendered":"City guide \/ la r\u00e9gion"},"content":{"rendered":"","protected":false},"excerpt":{"rendered":"","protected":false},"author":2,"featured_media":0,"parent":0,"menu_order":0,"comment_status":"closed","ping_status":"closed","template":"","meta":{"_acf_changed":false,"footnotes":""},"class_list":["post-673","page","type-page","status-publish","hentry"],"acf":[],"yoast_head":"<title>City guide \/ la r\u00e9gion - H\u00f4tel Porte de Gen\u00e8ve<\/title>\n<meta name=\"robots\" content=\"noindex, nofollow\" \/>\n<meta property=\"og:locale\" content=\"fr_FR\" \/>\n<meta property=\"og:type\" content=\"article\" \/>\n<meta property=\"og:title\" content=\"City guide \/ la r\u00e9gion - H\u00f4tel Porte de Gen\u00e8ve\" \/>\n<meta property=\"og:url\" content=\"https:\/\/www.portedegeneve.com\/fr\/city-guide-la-region\/\" \/>\n<meta property=\"og:site_name\" content=\"H\u00f4tel Porte de Gen\u00e8ve\" \/>\n<meta property=\"article:modified_time\" content=\"2019-09-02T09:53:05+00:00\" \/>\n<meta name=\"twitter:card\" content=\"summary_large_image\" \/>\n<script type=\"application\/ld+json\" class=\"yoast-schema-graph\">{\"@context\":\"https:\/\/schema.org\",\"@graph\":[{\"@type\":\"WebPage\",\"@id\":\"https:\/\/www.portedegeneve.com\/fr\/city-guide-la-region\/\",\"url\":\"https:\/\/www.portedegeneve.com\/fr\/city-guide-la-region\/\",\"name\":\"City guide \/ la r\u00e9gion - H\u00f4tel Porte de Gen\u00e8ve\",\"isPartOf\":{\"@id\":\"https:\/\/www.portedegeneve.com\/fr\/#website\"},\"datePublished\":\"2019-05-20T11:39:46+00:00\",\"dateModified\":\"2019-09-02T09:53:05+00:00\",\"breadcrumb\":{\"@id\":\"https:\/\/www.portedegeneve.com\/fr\/city-guide-la-region\/#breadcrumb\"},\"inLanguage\":\"fr-FR\",\"potentialAction\":[{\"@type\":\"ReadAction\",\"target\":[\"https:\/\/www.portedegeneve.com\/fr\/city-guide-la-region\/\"]}]},{\"@type\":\"BreadcrumbList\",\"@id\":\"https:\/\/www.portedegeneve.com\/fr\/city-guide-la-region\/#breadcrumb\",\"itemListElement\":[{\"@type\":\"ListItem\",\"position\":1,\"name\":\"Accueil\",\"item\":\"https:\/\/www.portedegeneve.com\/fr\/\"},{\"@type\":\"ListItem\",\"position\":2,\"name\":\"City guide \/ la r\u00e9gion\"}]},{\"@type\":\"WebSite\",\"@id\":\"https:\/\/www.portedegeneve.com\/fr\/#website\",\"url\":\"https:\/\/www.portedegeneve.com\/fr\/\",\"name\":\"H\u00f4tel Porte de Gen\u00e8ve\",\"description\":\"H\u00f4tel Porte de Gen\u00e8ve\",\"publisher\":{\"@id\":\"https:\/\/www.portedegeneve.com\/fr\/#organization\"},\"potentialAction\":[{\"@type\":\"SearchAction\",\"target\":{\"@type\":\"EntryPoint\",\"urlTemplate\":\"https:\/\/www.portedegeneve.com\/fr\/?s={search_term_string}\"},\"query-input\":{\"@type\":\"PropertyValueSpecification\",\"valueRequired\":true,\"valueName\":\"search_term_string\"}}],\"inLanguage\":\"fr-FR\"},{\"@type\":\"Organization\",\"@id\":\"https:\/\/www.portedegeneve.com\/fr\/#organization\",\"name\":\"Hotel Porte de Gen\u00e8ve\",\"url\":\"https:\/\/www.portedegeneve.com\/fr\/\",\"logo\":{\"@type\":\"ImageObject\",\"inLanguage\":\"fr-FR\",\"@id\":\"https:\/\/www.portedegeneve.com\/fr\/#\/schema\/logo\/image\/\",\"url\":\"https:\/\/www.portedegeneve.com\/wp-content\/uploads\/2019\/06\/portes_de_geneve_logo_min.png\",\"contentUrl\":\"https:\/\/www.portedegeneve.com\/wp-content\/uploads\/2019\/06\/portes_de_geneve_logo_min.png\",\"width\":224,\"height\":67,\"caption\":\"Hotel Porte de Gen\u00e8ve\"},\"image\":{\"@id\":\"https:\/\/www.portedegeneve.com\/fr\/#\/schema\/logo\/image\/\"}}]}<\/script>","yoast_head_json":{"title":"City guide \/ la r\u00e9gion - H\u00f4tel Porte de Gen\u00e8ve","robots":{"index":"noindex","follow":"nofollow"},"og_locale":"fr_FR","og_type":"article","og_title":"City guide \/ la r\u00e9gion - H\u00f4tel Porte de Gen\u00e8ve","og_url":"https:\/\/www.portedegeneve.com\/fr\/city-guide-la-region\/","og_site_name":"H\u00f4tel Porte de Gen\u00e8ve","article_modified_time":"2019-09-02T09:53:05+00:00","twitter_card":"summary_large_image","schema":{"@context":"https:\/\/schema.org","@graph":[{"@type":"WebPage","@id":"https:\/\/www.portedegeneve.com\/fr\/city-guide-la-region\/","url":"https:\/\/www.portedegeneve.com\/fr\/city-guide-la-region\/","name":"City guide \/ la r\u00e9gion - H\u00f4tel Porte de Gen\u00e8ve","isPartOf":{"@id":"https:\/\/www.portedegeneve.com\/fr\/#website"},"datePublished":"2019-05-20T11:39:46+00:00","dateModified":"2019-09-02T09:53:05+00:00","breadcrumb":{"@id":"https:\/\/www.portedegeneve.com\/fr\/city-guide-la-region\/#breadcrumb"},"inLanguage":"fr-FR","potentialAction":[{"@type":"ReadAction","target":["https:\/\/www.portedegeneve.com\/fr\/city-guide-la-region\/"]}]},{"@type":"BreadcrumbList","@id":"https:\/\/www.portedegeneve.com\/fr\/city-guide-la-region\/#breadcrumb","itemListElement":[{"@type":"ListItem","position":1,"name":"Accueil","item":"https:\/\/www.portedegeneve.com\/fr\/"},{"@type":"ListItem","position":2,"name":"City guide \/ la r\u00e9gion"}]},{"@type":"WebSite","@id":"https:\/\/www.portedegeneve.com\/fr\/#website","url":"https:\/\/www.portedegeneve.com\/fr\/","name":"H\u00f4tel Porte de Gen\u00e8ve","description":"H\u00f4tel Porte de Gen\u00e8ve","publisher":{"@id":"https:\/\/www.portedegeneve.com\/fr\/#organization"},"potentialAction":[{"@type":"SearchAction","target":{"@type":"EntryPoint","urlTemplate":"https:\/\/www.portedegeneve.com\/fr\/?s={search_term_string}"},"query-input":{"@type":"PropertyValueSpecification","valueRequired":true,"valueName":"search_term_string"}}],"inLanguage":"fr-FR"},{"@type":"Organization","@id":"https:\/\/www.portedegeneve.com\/fr\/#organization","name":"Hotel Porte de Gen\u00e8ve","url":"https:\/\/www.portedegeneve.com\/fr\/","logo":{"@type":"ImageObject","inLanguage":"fr-FR","@id":"https:\/\/www.portedegeneve.com\/fr\/#\/schema\/logo\/image\/","url":"https:\/\/www.portedegeneve.com\/wp-content\/uploads\/2019\/06\/portes_de_geneve_logo_min.png","contentUrl":"https:\/\/www.portedegeneve.com\/wp-content\/uploads\/2019\/06\/portes_de_geneve_logo_min.png","width":224,"height":67,"caption":"Hotel Porte de Gen\u00e8ve"},"image":{"@id":"https:\/\/www.portedegeneve.com\/fr\/#\/schema\/logo\/image\/"}}]}},"_links":{"self":[{"href":"https:\/\/www.portedegeneve.com\/fr\/wp-json\/wp\/v2\/pages\/673","targetHints":{"allow":["GET"]}}],"collection":[{"href":"https:\/\/www.portedegeneve.com\/fr\/wp-json\/wp\/v2\/pages"}],"about":[{"href":"https:\/\/www.portedegeneve.com\/fr\/wp-json\/wp\/v2\/types\/page"}],"author":[{"embeddable":true,"href":"https:\/\/www.portedegeneve.com\/fr\/wp-json\/wp\/v2\/users\/2"}],"replies":[{"embeddable":true,"href":"https:\/\/www.portedegeneve.com\/fr\/wp-json\/wp\/v2\/comments?post=673"}],"version-history":[{"count":0,"href":"https:\/\/www.portedegeneve.com\/fr\/wp-json\/wp\/v2\/pages\/673\/revisions"}],"wp:attachment":[{"href":"https:\/\/www.portedegeneve.com\/fr\/wp-json\/wp\/v2\/media?parent=673"}],"curies":[{"name":"wp","href":"https:\/\/api.w.org\/{rel}","templated":true}]}}