{"id":1736,"date":"2019-07-28T16:44:57","date_gmt":"2019-07-28T16:44:57","guid":{"rendered":"http:\/\/www.portedegeneve.com\/legal-mentions\/"},"modified":"2021-06-23T14:34:01","modified_gmt":"2021-06-23T14:34:01","slug":"legal-mentions","status":"publish","type":"page","link":"https:\/\/www.portedegeneve.com\/en\/legal-mentions\/","title":{"rendered":"Legal mentions"},"content":{"rendered":"[vc_row css=&#8221;.vc_custom_1566226799699{padding-bottom: 15px !important;}&#8221;][vc_column][vc_custom_heading text=&#8221;Legal Notice&#8221; font_container=&#8221;tag:h2|text_align:left|color:%23382d2c&#8221; google_fonts=&#8221;font_family:Signika%20Negative%3A300%2Cregular%2C600%2C700|font_style:400%20regular%3A400%3Anormal&#8221;][\/vc_column][\/vc_row][vc_row][vc_column][vc_column_text]<strong>Editor<\/strong><\/p>\n<p>SAS ALSABE<br \/>\nHotel Porte de Gen\u00e8ve<br \/>\nRegistered office: 9 Rue de Teheran, 75008 Paris<br \/>\nTel: (33) 04 50 39 70 30<br \/>\nRCS: Paris 811 665 967<br \/>\nShare capital: 1,531,088.00 EURO<br \/>\nDirector delegate: Laurence Vandeweghe<\/p>\n<p><strong>Design and development \/ Technical management:<\/strong><br \/>\nMixit7<br \/>\nwww.mixit7.com<br \/>\nhello@mixit7.com<\/p>\n<p><strong>Hosting:<\/strong><br \/>\nMixit7 \u2013 www.mixit7.com[\/vc_column_text][\/vc_column][\/vc_row]\n","protected":false},"excerpt":{"rendered":"<p>[vc_row css=&#8221;.vc_custom_1566226799699{padding-bottom: 15px !important;}&#8221;][vc_column][vc_custom_heading text=&#8221;Legal Notice&#8221; font_container=&#8221;tag:h2|text_align:left|color:%23382d2c&#8221; google_fonts=&#8221;font_family:Signika%20Negative%3A300%2Cregular%2C600%2C700|font_style:400%20regular%3A400%3Anormal&#8221;][\/vc_column][\/vc_row][vc_row][vc_column][vc_column_text]Editor SAS ALSABE Hotel Porte de Gen\u00e8ve Registered office: 9 Rue de Teheran, 75008 Paris Tel: (33) 04 50 39 70 30 RCS: Paris 811 665 967 Share capital: 1,531,088.00 EURO Director delegate: Laurence Vandeweghe Design and development \/ Technical management: Mixit7 www.mixit7.com hello@mixit7.com Hosting: Mixit7 \u2013 www.mixit7.com[\/vc_column_text][\/vc_column][\/vc_row]<\/p>\n","protected":false},"author":2,"featured_media":0,"parent":0,"menu_order":0,"comment_status":"closed","ping_status":"closed","template":"","meta":{"_acf_changed":false,"footnotes":""},"class_list":["post-1736","page","type-page","status-publish","hentry"],"acf":[],"yoast_head":"<title>Legal mentions - H\u00f4tel Porte de Gen\u00e8ve<\/title>\n<meta name=\"robots\" content=\"index, follow, max-snippet:-1, max-image-preview:large, max-video-preview:-1\" \/>\n<link rel=\"canonical\" href=\"https:\/\/www.portedegeneve.com\/en\/legal-mentions\/\" \/>\n<meta property=\"og:locale\" content=\"en_US\" \/>\n<meta property=\"og:type\" content=\"article\" \/>\n<meta property=\"og:title\" content=\"Legal mentions - H\u00f4tel Porte de Gen\u00e8ve\" \/>\n<meta property=\"og:description\" content=\"[vc_row css=&#8221;.vc_custom_1566226799699{padding-bottom: 15px !important;}&#8221;][vc_column][vc_custom_heading text=&#8221;Legal Notice&#8221; font_container=&#8221;tag:h2|text_align:left|color:%23382d2c&#8221; google_fonts=&#8221;font_family:Signika%20Negative%3A300%2Cregular%2C600%2C700|font_style:400%20regular%3A400%3Anormal&#8221;][\/vc_column][\/vc_row][vc_row][vc_column][vc_column_text]Editor SAS ALSABE Hotel Porte de Gen\u00e8ve Registered office: 9 Rue de Teheran, 75008 Paris Tel: (33) 04 50 39 70 30 RCS: Paris 811 665 967 Share capital: 1,531,088.00 EURO Director delegate: Laurence Vandeweghe Design and development \/ Technical management: Mixit7 www.mixit7.com hello@mixit7.com Hosting: Mixit7 \u2013 www.mixit7.com[\/vc_column_text][\/vc_column][\/vc_row]\" \/>\n<meta property=\"og:url\" content=\"https:\/\/www.portedegeneve.com\/en\/legal-mentions\/\" \/>\n<meta property=\"og:site_name\" content=\"H\u00f4tel Porte de Gen\u00e8ve\" \/>\n<meta property=\"article:modified_time\" content=\"2021-06-23T14:34:01+00:00\" \/>\n<meta name=\"twitter:card\" content=\"summary_large_image\" \/>\n<meta name=\"twitter:label1\" content=\"Est. reading time\" \/>\n\t<meta name=\"twitter:data1\" content=\"1 minute\" \/>\n<script type=\"application\/ld+json\" class=\"yoast-schema-graph\">{\"@context\":\"https:\/\/schema.org\",\"@graph\":[{\"@type\":\"WebPage\",\"@id\":\"https:\/\/www.portedegeneve.com\/en\/legal-mentions\/\",\"url\":\"https:\/\/www.portedegeneve.com\/en\/legal-mentions\/\",\"name\":\"Legal mentions - H\u00f4tel Porte de Gen\u00e8ve\",\"isPartOf\":{\"@id\":\"https:\/\/www.portedegeneve.com\/en\/#website\"},\"datePublished\":\"2019-07-28T16:44:57+00:00\",\"dateModified\":\"2021-06-23T14:34:01+00:00\",\"breadcrumb\":{\"@id\":\"https:\/\/www.portedegeneve.com\/en\/legal-mentions\/#breadcrumb\"},\"inLanguage\":\"en-US\",\"potentialAction\":[{\"@type\":\"ReadAction\",\"target\":[\"https:\/\/www.portedegeneve.com\/en\/legal-mentions\/\"]}]},{\"@type\":\"BreadcrumbList\",\"@id\":\"https:\/\/www.portedegeneve.com\/en\/legal-mentions\/#breadcrumb\",\"itemListElement\":[{\"@type\":\"ListItem\",\"position\":1,\"name\":\"Accueil\",\"item\":\"https:\/\/www.portedegeneve.com\/en\/\"},{\"@type\":\"ListItem\",\"position\":2,\"name\":\"Legal mentions\"}]},{\"@type\":\"WebSite\",\"@id\":\"https:\/\/www.portedegeneve.com\/en\/#website\",\"url\":\"https:\/\/www.portedegeneve.com\/en\/\",\"name\":\"H\u00f4tel Porte de Gen\u00e8ve\",\"description\":\"H\u00f4tel Porte de Gen\u00e8ve\",\"publisher\":{\"@id\":\"https:\/\/www.portedegeneve.com\/en\/#organization\"},\"potentialAction\":[{\"@type\":\"SearchAction\",\"target\":{\"@type\":\"EntryPoint\",\"urlTemplate\":\"https:\/\/www.portedegeneve.com\/en\/?s={search_term_string}\"},\"query-input\":{\"@type\":\"PropertyValueSpecification\",\"valueRequired\":true,\"valueName\":\"search_term_string\"}}],\"inLanguage\":\"en-US\"},{\"@type\":\"Organization\",\"@id\":\"https:\/\/www.portedegeneve.com\/en\/#organization\",\"name\":\"Hotel Porte de Gen\u00e8ve\",\"url\":\"https:\/\/www.portedegeneve.com\/en\/\",\"logo\":{\"@type\":\"ImageObject\",\"inLanguage\":\"en-US\",\"@id\":\"https:\/\/www.portedegeneve.com\/en\/#\/schema\/logo\/image\/\",\"url\":\"https:\/\/www.portedegeneve.com\/wp-content\/uploads\/2019\/06\/portes_de_geneve_logo_min.png\",\"contentUrl\":\"https:\/\/www.portedegeneve.com\/wp-content\/uploads\/2019\/06\/portes_de_geneve_logo_min.png\",\"width\":224,\"height\":67,\"caption\":\"Hotel Porte de Gen\u00e8ve\"},\"image\":{\"@id\":\"https:\/\/www.portedegeneve.com\/en\/#\/schema\/logo\/image\/\"}}]}<\/script>","yoast_head_json":{"title":"Legal mentions - H\u00f4tel Porte de Gen\u00e8ve","robots":{"index":"index","follow":"follow","max-snippet":"max-snippet:-1","max-image-preview":"max-image-preview:large","max-video-preview":"max-video-preview:-1"},"canonical":"https:\/\/www.portedegeneve.com\/en\/legal-mentions\/","og_locale":"en_US","og_type":"article","og_title":"Legal mentions - H\u00f4tel Porte de Gen\u00e8ve","og_description":"[vc_row css=&#8221;.vc_custom_1566226799699{padding-bottom: 15px !important;}&#8221;][vc_column][vc_custom_heading text=&#8221;Legal Notice&#8221; font_container=&#8221;tag:h2|text_align:left|color:%23382d2c&#8221; google_fonts=&#8221;font_family:Signika%20Negative%3A300%2Cregular%2C600%2C700|font_style:400%20regular%3A400%3Anormal&#8221;][\/vc_column][\/vc_row][vc_row][vc_column][vc_column_text]Editor SAS ALSABE Hotel Porte de Gen\u00e8ve Registered office: 9 Rue de Teheran, 75008 Paris Tel: (33) 04 50 39 70 30 RCS: Paris 811 665 967 Share capital: 1,531,088.00 EURO Director delegate: Laurence Vandeweghe Design and development \/ Technical management: Mixit7 www.mixit7.com hello@mixit7.com Hosting: Mixit7 \u2013 www.mixit7.com[\/vc_column_text][\/vc_column][\/vc_row]","og_url":"https:\/\/www.portedegeneve.com\/en\/legal-mentions\/","og_site_name":"H\u00f4tel Porte de Gen\u00e8ve","article_modified_time":"2021-06-23T14:34:01+00:00","twitter_card":"summary_large_image","twitter_misc":{"Est. reading time":"1 minute"},"schema":{"@context":"https:\/\/schema.org","@graph":[{"@type":"WebPage","@id":"https:\/\/www.portedegeneve.com\/en\/legal-mentions\/","url":"https:\/\/www.portedegeneve.com\/en\/legal-mentions\/","name":"Legal mentions - H\u00f4tel Porte de Gen\u00e8ve","isPartOf":{"@id":"https:\/\/www.portedegeneve.com\/en\/#website"},"datePublished":"2019-07-28T16:44:57+00:00","dateModified":"2021-06-23T14:34:01+00:00","breadcrumb":{"@id":"https:\/\/www.portedegeneve.com\/en\/legal-mentions\/#breadcrumb"},"inLanguage":"en-US","potentialAction":[{"@type":"ReadAction","target":["https:\/\/www.portedegeneve.com\/en\/legal-mentions\/"]}]},{"@type":"BreadcrumbList","@id":"https:\/\/www.portedegeneve.com\/en\/legal-mentions\/#breadcrumb","itemListElement":[{"@type":"ListItem","position":1,"name":"Accueil","item":"https:\/\/www.portedegeneve.com\/en\/"},{"@type":"ListItem","position":2,"name":"Legal mentions"}]},{"@type":"WebSite","@id":"https:\/\/www.portedegeneve.com\/en\/#website","url":"https:\/\/www.portedegeneve.com\/en\/","name":"H\u00f4tel Porte de Gen\u00e8ve","description":"H\u00f4tel Porte de Gen\u00e8ve","publisher":{"@id":"https:\/\/www.portedegeneve.com\/en\/#organization"},"potentialAction":[{"@type":"SearchAction","target":{"@type":"EntryPoint","urlTemplate":"https:\/\/www.portedegeneve.com\/en\/?s={search_term_string}"},"query-input":{"@type":"PropertyValueSpecification","valueRequired":true,"valueName":"search_term_string"}}],"inLanguage":"en-US"},{"@type":"Organization","@id":"https:\/\/www.portedegeneve.com\/en\/#organization","name":"Hotel Porte de Gen\u00e8ve","url":"https:\/\/www.portedegeneve.com\/en\/","logo":{"@type":"ImageObject","inLanguage":"en-US","@id":"https:\/\/www.portedegeneve.com\/en\/#\/schema\/logo\/image\/","url":"https:\/\/www.portedegeneve.com\/wp-content\/uploads\/2019\/06\/portes_de_geneve_logo_min.png","contentUrl":"https:\/\/www.portedegeneve.com\/wp-content\/uploads\/2019\/06\/portes_de_geneve_logo_min.png","width":224,"height":67,"caption":"Hotel Porte de Gen\u00e8ve"},"image":{"@id":"https:\/\/www.portedegeneve.com\/en\/#\/schema\/logo\/image\/"}}]}},"_links":{"self":[{"href":"https:\/\/www.portedegeneve.com\/en\/wp-json\/wp\/v2\/pages\/1736","targetHints":{"allow":["GET"]}}],"collection":[{"href":"https:\/\/www.portedegeneve.com\/en\/wp-json\/wp\/v2\/pages"}],"about":[{"href":"https:\/\/www.portedegeneve.com\/en\/wp-json\/wp\/v2\/types\/page"}],"author":[{"embeddable":true,"href":"https:\/\/www.portedegeneve.com\/en\/wp-json\/wp\/v2\/users\/2"}],"replies":[{"embeddable":true,"href":"https:\/\/www.portedegeneve.com\/en\/wp-json\/wp\/v2\/comments?post=1736"}],"version-history":[{"count":1,"href":"https:\/\/www.portedegeneve.com\/en\/wp-json\/wp\/v2\/pages\/1736\/revisions"}],"predecessor-version":[{"id":2598,"href":"https:\/\/www.portedegeneve.com\/en\/wp-json\/wp\/v2\/pages\/1736\/revisions\/2598"}],"wp:attachment":[{"href":"https:\/\/www.portedegeneve.com\/en\/wp-json\/wp\/v2\/media?parent=1736"}],"curies":[{"name":"wp","href":"https:\/\/api.w.org\/{rel}","templated":true}]}}