{"id":1714,"date":"2019-07-28T13:43:37","date_gmt":"2019-07-28T13:43:37","guid":{"rendered":"http:\/\/www.portedegeneve.com\/restaurant\/"},"modified":"2025-01-30T10:26:16","modified_gmt":"2025-01-30T10:26:16","slug":"restaurant","status":"publish","type":"page","link":"https:\/\/www.portedegeneve.com\/en\/restaurant\/","title":{"rendered":"Restaurant"},"content":{"rendered":"[vc_row wrap_container=&#8221;true&#8221; el_id=&#8221;restaurant-food-menu-section&#8221;][vc_column][vc_custom_heading text=&#8221;A seasonal Savoyard restaurant in Annemasse&#8221; font_container=&#8221;tag:h1|font_size:30px|text_align:left|color:%23381504|line_height:35px&#8221; google_fonts=&#8221;font_family:Signika%20Negative%3A300%2Cregular%2C600%2C700|font_style:400%20regular%3A400%3Anormal&#8221; css=&#8221;.vc_custom_1565948767939{margin-top: 0px !important;margin-bottom: 40px !important;}&#8221;][\/vc_column][\/vc_row][vc_row wrap_container=&#8221;true&#8221;][vc_column][vc_column_text]Dishes made using local produce are at the heart of traditional Savoyard recipes (raclette, tartiflette), but you can also enjoy \u201cdishes of the day\u201d depending on your taste and mood. You can choose from 2 starters, 2 main courses and 4 desserts. All our meals are prepared in-house using only seasonal produce, so our menu changes regularly. Don\u2019t hesitate to pay us a visit!<\/p>\n<p>Dish of the day: \u20ac15<br \/>\n2-course menu: \u20ac21<br \/>\n3-course menu: \u20ac27<\/p>\n<p><strong>Au Fil des Saisons restaurant: opening times<\/strong><br \/>\nThe Au Fil des Saisons restaurant is open Monday to Friday, from 7pm to 8.30pm for last orders. During peak season, you can enjoy your meal outside on our shaded, flower-lined terrace at the foot of Mont Sal\u00e8ve.[\/vc_column_text]<div id=\"lordcros-button-276869f1e9d827e4f\" class=\"lordcros-shortcode-button  vc_custom_1638810938103\" style=\"animation-delay: 1s;\"><a href=\"https:\/\/www.portedegeneve.com\/wp-content\/uploads\/2021\/12\/bistrot-des-alpes-restaurant-hotel-porte-de-geneve.pdf\" target=\"_blank\" class=\"lordcros-btn primary-clr rectangle-style medium\"><span>See our menu<\/span><\/a><\/div>[\/vc_column][\/vc_row][vc_row wrap_container=&#8221;true&#8221; css=&#8221;.vc_custom_1561332669113{padding-top: 35px !important;}&#8221;][vc_column][vc_custom_heading text=&#8221;Gourmet breaks with dinner at the H\u00f4tel Porte de Gen\u00e8ve&#8221; font_container=&#8221;tag:h2|font_size:30px|text_align:left|color:%23381504|line_height:35px&#8221; google_fonts=&#8221;font_family:Signika%20Negative%3A300%2Cregular%2C600%2C700|font_style:400%20regular%3A400%3Anormal&#8221; css=&#8221;.vc_custom_1565948748053{margin-top: 0px !important;margin-bottom: 40px !important;}&#8221;][\/vc_column][\/vc_row][vc_row wrap_container=&#8221;true&#8221; css=&#8221;.vc_custom_1561333096631{padding-bottom: 40px !important;}&#8221;][vc_column][vc_column_text]The H\u00f4tel Porte de Gen\u00e8ve, the <strong>ease of on-site dining.<\/strong><br \/>\nAnd for an even more comfortable and practical stay, you can enjoy your evening meal at the H\u00f4tel <strong>Porte de Gen\u00e8ve\u2019s restaurant<\/strong> during the week.<br \/>\nThanks to our <strong>breaks with dinner<\/strong> offers, stay in one of our comfortable rooms and dine at the Au Fil des Saisons restaurant at a very competitive price! This price includes:<\/p>\n<ul>\n<li>Your room<\/li>\n<li>breakfast<\/li>\n<li>Dinner (Menu of the day: starter &#8211; main course &#8211; dessert)<\/li>\n<\/ul>\n<p>Fresh, seasonal cuisine to delight your taste buds!<br \/>\nIn winter, Savoyard evenings are on the menu with raclette and fondue (supplement of \u20ac7 per person).<\/p>\n<p>Option of a \u201cBonne franquette\u201d platter<br \/>\nHotel guests can enjoy a quick \u201c&#8221;Bonne franquette\u201d platter of charcuterie, Savoy cheese and bread until 10pm.<br \/>\n\u201cBonne franquette\u201d platter price: \u20ac12[\/vc_column_text][\/vc_column][\/vc_row]\n","protected":false},"excerpt":{"rendered":"<p>[vc_row wrap_container=&#8221;true&#8221; el_id=&#8221;restaurant-food-menu-section&#8221;][vc_column][vc_custom_heading text=&#8221;A seasonal Savoyard restaurant in Annemasse&#8221; font_container=&#8221;tag:h1|font_size:30px|text_align:left|color:%23381504|line_height:35px&#8221; google_fonts=&#8221;font_family:Signika%20Negative%3A300%2Cregular%2C600%2C700|font_style:400%20regular%3A400%3Anormal&#8221; css=&#8221;.vc_custom_1565948767939{margin-top: 0px !important;margin-bottom: 40px !important;}&#8221;][\/vc_column][\/vc_row][vc_row wrap_container=&#8221;true&#8221;][vc_column][vc_column_text]Dishes made using local produce are at the heart of traditional Savoyard recipes (raclette, tartiflette), but you can also enjoy \u201cdishes of the day\u201d depending on your taste and mood. You can choose from 2 starters, 2 main courses [&hellip;]<\/p>\n","protected":false},"author":2,"featured_media":0,"parent":0,"menu_order":0,"comment_status":"closed","ping_status":"closed","template":"","meta":{"_acf_changed":false,"footnotes":""},"class_list":["post-1714","page","type-page","status-publish","hentry"],"acf":[],"yoast_head":"<title>Au Fil des Saisons restaurant - Savoyard breaks with dinner in Annemasse-Porte de Gen\u00e8ve<\/title>\n<meta name=\"description\" content=\"Discover breaks with dinner at our hotel in Annemasse, near Geneva. A restaurant with fresh, seasonal produce. Savoyard evenings, raclettes and fondues.\" \/>\n<meta name=\"robots\" content=\"index, follow, max-snippet:-1, max-image-preview:large, max-video-preview:-1\" \/>\n<link rel=\"canonical\" href=\"https:\/\/www.portedegeneve.com\/en\/restaurant\/\" \/>\n<meta property=\"og:locale\" content=\"en_US\" \/>\n<meta property=\"og:type\" content=\"article\" \/>\n<meta property=\"og:title\" content=\"Au Fil des Saisons restaurant - Savoyard breaks with dinner in Annemasse-Porte de Gen\u00e8ve\" \/>\n<meta property=\"og:description\" content=\"Discover breaks with dinner at our hotel in Annemasse, near Geneva. A restaurant with fresh, seasonal produce. Savoyard evenings, raclettes and fondues.\" \/>\n<meta property=\"og:url\" content=\"https:\/\/www.portedegeneve.com\/en\/restaurant\/\" \/>\n<meta property=\"og:site_name\" content=\"H\u00f4tel Porte de Gen\u00e8ve\" \/>\n<meta property=\"article:modified_time\" content=\"2025-01-30T10:26:16+00:00\" \/>\n<meta name=\"twitter:card\" content=\"summary_large_image\" \/>\n<meta name=\"twitter:label1\" content=\"Est. reading time\" \/>\n\t<meta name=\"twitter:data1\" content=\"2 minutes\" \/>\n<script type=\"application\/ld+json\" class=\"yoast-schema-graph\">{\"@context\":\"https:\/\/schema.org\",\"@graph\":[{\"@type\":\"WebPage\",\"@id\":\"https:\/\/www.portedegeneve.com\/en\/restaurant\/\",\"url\":\"https:\/\/www.portedegeneve.com\/en\/restaurant\/\",\"name\":\"Au Fil des Saisons restaurant - Savoyard breaks with dinner in Annemasse-Porte de Gen\u00e8ve\",\"isPartOf\":{\"@id\":\"https:\/\/www.portedegeneve.com\/en\/#website\"},\"datePublished\":\"2019-07-28T13:43:37+00:00\",\"dateModified\":\"2025-01-30T10:26:16+00:00\",\"description\":\"Discover breaks with dinner at our hotel in Annemasse, near Geneva. A restaurant with fresh, seasonal produce. Savoyard evenings, raclettes and fondues.\",\"breadcrumb\":{\"@id\":\"https:\/\/www.portedegeneve.com\/en\/restaurant\/#breadcrumb\"},\"inLanguage\":\"en-US\",\"potentialAction\":[{\"@type\":\"ReadAction\",\"target\":[\"https:\/\/www.portedegeneve.com\/en\/restaurant\/\"]}]},{\"@type\":\"BreadcrumbList\",\"@id\":\"https:\/\/www.portedegeneve.com\/en\/restaurant\/#breadcrumb\",\"itemListElement\":[{\"@type\":\"ListItem\",\"position\":1,\"name\":\"Accueil\",\"item\":\"https:\/\/www.portedegeneve.com\/en\/\"},{\"@type\":\"ListItem\",\"position\":2,\"name\":\"Restaurant\"}]},{\"@type\":\"WebSite\",\"@id\":\"https:\/\/www.portedegeneve.com\/en\/#website\",\"url\":\"https:\/\/www.portedegeneve.com\/en\/\",\"name\":\"H\u00f4tel Porte de Gen\u00e8ve\",\"description\":\"H\u00f4tel Porte de Gen\u00e8ve\",\"publisher\":{\"@id\":\"https:\/\/www.portedegeneve.com\/en\/#organization\"},\"potentialAction\":[{\"@type\":\"SearchAction\",\"target\":{\"@type\":\"EntryPoint\",\"urlTemplate\":\"https:\/\/www.portedegeneve.com\/en\/?s={search_term_string}\"},\"query-input\":{\"@type\":\"PropertyValueSpecification\",\"valueRequired\":true,\"valueName\":\"search_term_string\"}}],\"inLanguage\":\"en-US\"},{\"@type\":\"Organization\",\"@id\":\"https:\/\/www.portedegeneve.com\/en\/#organization\",\"name\":\"Hotel Porte de Gen\u00e8ve\",\"url\":\"https:\/\/www.portedegeneve.com\/en\/\",\"logo\":{\"@type\":\"ImageObject\",\"inLanguage\":\"en-US\",\"@id\":\"https:\/\/www.portedegeneve.com\/en\/#\/schema\/logo\/image\/\",\"url\":\"https:\/\/www.portedegeneve.com\/wp-content\/uploads\/2019\/06\/portes_de_geneve_logo_min.png\",\"contentUrl\":\"https:\/\/www.portedegeneve.com\/wp-content\/uploads\/2019\/06\/portes_de_geneve_logo_min.png\",\"width\":224,\"height\":67,\"caption\":\"Hotel Porte de Gen\u00e8ve\"},\"image\":{\"@id\":\"https:\/\/www.portedegeneve.com\/en\/#\/schema\/logo\/image\/\"}}]}<\/script>","yoast_head_json":{"title":"Au Fil des Saisons restaurant - Savoyard breaks with dinner in Annemasse-Porte de Gen\u00e8ve","description":"Discover breaks with dinner at our hotel in Annemasse, near Geneva. A restaurant with fresh, seasonal produce. Savoyard evenings, raclettes and fondues.","robots":{"index":"index","follow":"follow","max-snippet":"max-snippet:-1","max-image-preview":"max-image-preview:large","max-video-preview":"max-video-preview:-1"},"canonical":"https:\/\/www.portedegeneve.com\/en\/restaurant\/","og_locale":"en_US","og_type":"article","og_title":"Au Fil des Saisons restaurant - Savoyard breaks with dinner in Annemasse-Porte de Gen\u00e8ve","og_description":"Discover breaks with dinner at our hotel in Annemasse, near Geneva. A restaurant with fresh, seasonal produce. Savoyard evenings, raclettes and fondues.","og_url":"https:\/\/www.portedegeneve.com\/en\/restaurant\/","og_site_name":"H\u00f4tel Porte de Gen\u00e8ve","article_modified_time":"2025-01-30T10:26:16+00:00","twitter_card":"summary_large_image","twitter_misc":{"Est. reading time":"2 minutes"},"schema":{"@context":"https:\/\/schema.org","@graph":[{"@type":"WebPage","@id":"https:\/\/www.portedegeneve.com\/en\/restaurant\/","url":"https:\/\/www.portedegeneve.com\/en\/restaurant\/","name":"Au Fil des Saisons restaurant - Savoyard breaks with dinner in Annemasse-Porte de Gen\u00e8ve","isPartOf":{"@id":"https:\/\/www.portedegeneve.com\/en\/#website"},"datePublished":"2019-07-28T13:43:37+00:00","dateModified":"2025-01-30T10:26:16+00:00","description":"Discover breaks with dinner at our hotel in Annemasse, near Geneva. A restaurant with fresh, seasonal produce. Savoyard evenings, raclettes and fondues.","breadcrumb":{"@id":"https:\/\/www.portedegeneve.com\/en\/restaurant\/#breadcrumb"},"inLanguage":"en-US","potentialAction":[{"@type":"ReadAction","target":["https:\/\/www.portedegeneve.com\/en\/restaurant\/"]}]},{"@type":"BreadcrumbList","@id":"https:\/\/www.portedegeneve.com\/en\/restaurant\/#breadcrumb","itemListElement":[{"@type":"ListItem","position":1,"name":"Accueil","item":"https:\/\/www.portedegeneve.com\/en\/"},{"@type":"ListItem","position":2,"name":"Restaurant"}]},{"@type":"WebSite","@id":"https:\/\/www.portedegeneve.com\/en\/#website","url":"https:\/\/www.portedegeneve.com\/en\/","name":"H\u00f4tel Porte de Gen\u00e8ve","description":"H\u00f4tel Porte de Gen\u00e8ve","publisher":{"@id":"https:\/\/www.portedegeneve.com\/en\/#organization"},"potentialAction":[{"@type":"SearchAction","target":{"@type":"EntryPoint","urlTemplate":"https:\/\/www.portedegeneve.com\/en\/?s={search_term_string}"},"query-input":{"@type":"PropertyValueSpecification","valueRequired":true,"valueName":"search_term_string"}}],"inLanguage":"en-US"},{"@type":"Organization","@id":"https:\/\/www.portedegeneve.com\/en\/#organization","name":"Hotel Porte de Gen\u00e8ve","url":"https:\/\/www.portedegeneve.com\/en\/","logo":{"@type":"ImageObject","inLanguage":"en-US","@id":"https:\/\/www.portedegeneve.com\/en\/#\/schema\/logo\/image\/","url":"https:\/\/www.portedegeneve.com\/wp-content\/uploads\/2019\/06\/portes_de_geneve_logo_min.png","contentUrl":"https:\/\/www.portedegeneve.com\/wp-content\/uploads\/2019\/06\/portes_de_geneve_logo_min.png","width":224,"height":67,"caption":"Hotel Porte de Gen\u00e8ve"},"image":{"@id":"https:\/\/www.portedegeneve.com\/en\/#\/schema\/logo\/image\/"}}]}},"_links":{"self":[{"href":"https:\/\/www.portedegeneve.com\/en\/wp-json\/wp\/v2\/pages\/1714","targetHints":{"allow":["GET"]}}],"collection":[{"href":"https:\/\/www.portedegeneve.com\/en\/wp-json\/wp\/v2\/pages"}],"about":[{"href":"https:\/\/www.portedegeneve.com\/en\/wp-json\/wp\/v2\/types\/page"}],"author":[{"embeddable":true,"href":"https:\/\/www.portedegeneve.com\/en\/wp-json\/wp\/v2\/users\/2"}],"replies":[{"embeddable":true,"href":"https:\/\/www.portedegeneve.com\/en\/wp-json\/wp\/v2\/comments?post=1714"}],"version-history":[{"count":4,"href":"https:\/\/www.portedegeneve.com\/en\/wp-json\/wp\/v2\/pages\/1714\/revisions"}],"predecessor-version":[{"id":15909,"href":"https:\/\/www.portedegeneve.com\/en\/wp-json\/wp\/v2\/pages\/1714\/revisions\/15909"}],"wp:attachment":[{"href":"https:\/\/www.portedegeneve.com\/en\/wp-json\/wp\/v2\/media?parent=1714"}],"curies":[{"name":"wp","href":"https:\/\/api.w.org\/{rel}","templated":true}]}}