{"id":169,"date":"2019-04-09T03:36:44","date_gmt":"2019-04-09T03:36:44","guid":{"rendered":"https:\/\/lordcros.c-themes.com\/demo1\/?page_id=169"},"modified":"2024-07-15T09:53:48","modified_gmt":"2024-07-15T09:53:48","slug":"contact-acces","status":"publish","type":"page","link":"https:\/\/www.portedegeneve.com\/en\/contact-acces\/","title":{"rendered":"Contact details and access"},"content":{"rendered":"[vc_row wrap_container=&#8221;true&#8221; el_id=&#8221;contact-info-section&#8221;][vc_column width=&#8221;1\/2&#8243;][vc_custom_heading text=&#8221;CONTACT INFO&#8221; font_container=&#8221;tag:h2|font_size:30px|text_align:left|color:%23382d2c|line_height:35px&#8221; google_fonts=&#8221;font_family:Signika%20Negative%3A300%2Cregular%2C600%2C700|font_style:400%20regular%3A400%3Anormal&#8221; css=&#8221;.vc_custom_1567161719805{margin-top: 0px !important;margin-bottom: 70px !important;}&#8221; el_class=&#8221;contact-title&#8221;]<div id=\"lordcros-icon-box-324769f18242c35a5\" class=\"shortcode-icon-box lordcrosicons-icon-style\" style=\"animation-delay: 1s;\"><div class=\"shortcode-icon-box-wrapper vc_custom_1564113995016 icon-box-content-right icon-box-left\"><div class=\"icon-wrap\" style=\"border-color: #91353b;\"><i class=\"lordcros lordcros-location\" style=\"color: #91353b; font-size: 35px;\"><\/i><\/div><div class=\"content-inner\">4 Rue Ren\u00e9 Cassin, 74240\u00a0Gaillard<br \/>\nProche de\u00a0Gen\u00e8ve, France<\/div><\/div><\/div><div id=\"lordcros-icon-box-43269f18242c360e\" class=\"shortcode-icon-box lordcrosicons-icon-style\" style=\"animation-delay: 1s;\"><div class=\"shortcode-icon-box-wrapper vc_custom_1564114018219 icon-box-content-right icon-box-left\"><div class=\"icon-wrap\" style=\"border-color: #91353b;\"><i class=\"lordcros lordcros-phone-call\" style=\"color: #91353b; font-size: 35px;\"><\/i><\/div><div class=\"content-inner\">Tel : + 33 (0)4 50 39 70 30<\/div><\/div><\/div><div id=\"lordcros-icon-box-36969f18242c363d\" class=\"shortcode-icon-box lordcrosicons-icon-style\" style=\"animation-delay: 1s;\"><div class=\"shortcode-icon-box-wrapper vc_custom_1564114054874 icon-box-content-right icon-box-left\"><div class=\"icon-wrap\" style=\"border-color: #91353b;\"><i class=\"lordcros lordcros-mail\" style=\"color: #91353b; font-size: 35px;\"><\/i><\/div><div class=\"content-inner\">Email : contact@portedegeneve.com<\/div><\/div><\/div>[\/vc_column][vc_column width=&#8221;1\/2&#8243;][vc_gmaps link=&#8221;#E-8_JTNDaWZyYW1lJTIwc3JjJTNEJTIyaHR0cHMlM0ElMkYlMkZ3d3cuZ29vZ2xlLmNvbSUyRm1hcHMlMkZlbWJlZCUzRnBiJTNEJTIxMW0xNCUyMTFtOCUyMTFtMyUyMTFkMTEwNTAuMTkyNzE4NjUwMzM0JTIxMmQ2LjIxNDY4MDIlMjEzZDQ2LjE3OTY0OTElMjEzbTIlMjExaTEwMjQlMjEyaTc2OCUyMTRmMTMuMSUyMTNtMyUyMTFtMiUyMTFzMHgwJTI1M0EweDEzZGRhMzIwY2NiNTU0MDIlMjEyc0glMjVDMyUyNUI0dGVsJTJCUG9ydGUlMkJkZSUyQkdlbiUyNUMzJTI1QTh2ZSUyQi0lMkJBbm5lbWFzc2UlMkJHZW4lMjVDMyUyNUE4dmUlMjE1ZTAlMjEzbTIlMjExc2VuJTIxMnNtYSUyMTR2MTU2MTY5NjI4MDI3NiUyMTVtMiUyMTFzZW4lMjEyc21hJTIyJTIwd2lkdGglM0QlMjI2MDAlMjIlMjBoZWlnaHQlM0QlMjI0NTAlMjIlMjBmcmFtZWJvcmRlciUzRCUyMjAlMjIlMjBzdHlsZSUzRCUyMmJvcmRlciUzQTAlMjIlMjBhbGxvd2Z1bGxzY3JlZW4lM0UlM0MlMkZpZnJhbWUlM0U=&#8221; size=&#8221;450x&#8221;][\/vc_column][\/vc_row]\n","protected":false},"excerpt":{"rendered":"<p>[vc_row wrap_container=&#8221;true&#8221; el_id=&#8221;contact-info-section&#8221;][vc_column width=&#8221;1\/2&#8243;][vc_custom_heading text=&#8221;CONTACT INFO&#8221; font_container=&#8221;tag:h2|font_size:30px|text_align:left|color:%23382d2c|line_height:35px&#8221; google_fonts=&#8221;font_family:Signika%20Negative%3A300%2Cregular%2C600%2C700|font_style:400%20regular%3A400%3Anormal&#8221; css=&#8221;.vc_custom_1567161719805{margin-top: 0px !important;margin-bottom: 70px !important;}&#8221; el_class=&#8221;contact-title&#8221;][\/vc_column][vc_column width=&#8221;1\/2&#8243;][vc_gmaps link=&#8221;#E-8_JTNDaWZyYW1lJTIwc3JjJTNEJTIyaHR0cHMlM0ElMkYlMkZ3d3cuZ29vZ2xlLmNvbSUyRm1hcHMlMkZlbWJlZCUzRnBiJTNEJTIxMW0xNCUyMTFtOCUyMTFtMyUyMTFkMTEwNTAuMTkyNzE4NjUwMzM0JTIxMmQ2LjIxNDY4MDIlMjEzZDQ2LjE3OTY0OTElMjEzbTIlMjExaTEwMjQlMjEyaTc2OCUyMTRmMTMuMSUyMTNtMyUyMTFtMiUyMTFzMHgwJTI1M0EweDEzZGRhMzIwY2NiNTU0MDIlMjEyc0glMjVDMyUyNUI0dGVsJTJCUG9ydGUlMkJkZSUyQkdlbiUyNUMzJTI1QTh2ZSUyQi0lMkJBbm5lbWFzc2UlMkJHZW4lMjVDMyUyNUE4dmUlMjE1ZTAlMjEzbTIlMjExc2VuJTIxMnNtYSUyMTR2MTU2MTY5NjI4MDI3NiUyMTVtMiUyMTFzZW4lMjEyc21hJTIyJTIwd2lkdGglM0QlMjI2MDAlMjIlMjBoZWlnaHQlM0QlMjI0NTAlMjIlMjBmcmFtZWJvcmRlciUzRCUyMjAlMjIlMjBzdHlsZSUzRCUyMmJvcmRlciUzQTAlMjIlMjBhbGxvd2Z1bGxzY3JlZW4lM0UlM0MlMkZpZnJhbWUlM0U=&#8221; size=&#8221;450x&#8221;][\/vc_column][\/vc_row]<\/p>\n","protected":false},"author":2,"featured_media":0,"parent":0,"menu_order":0,"comment_status":"closed","ping_status":"closed","template":"","meta":{"_acf_changed":false,"footnotes":""},"class_list":["post-169","page","type-page","status-publish","hentry"],"acf":[],"yoast_head":"<title>Contact our 3-star hotel in Gaillard -H\u00f4tel Porte de Gen\u00e8ve \u2013 Official website<\/title>\n<meta name=\"description\" content=\"Contact our staff to arrange your next stay in Gaillard, close to Geneva and Annemasse! Promo code geneve.\" \/>\n<meta name=\"robots\" content=\"index, follow, max-snippet:-1, max-image-preview:large, max-video-preview:-1\" \/>\n<link rel=\"canonical\" href=\"https:\/\/www.portedegeneve.com\/en\/contact-acces\/\" \/>\n<meta property=\"og:locale\" content=\"en_US\" \/>\n<meta property=\"og:type\" content=\"article\" \/>\n<meta property=\"og:title\" content=\"Contact our 3-star hotel in Gaillard -H\u00f4tel Porte de Gen\u00e8ve \u2013 Official website\" \/>\n<meta property=\"og:description\" content=\"Contact our staff to arrange your next stay in Gaillard, close to Geneva and Annemasse! Promo code geneve.\" \/>\n<meta property=\"og:url\" content=\"https:\/\/www.portedegeneve.com\/en\/contact-acces\/\" \/>\n<meta property=\"og:site_name\" content=\"H\u00f4tel Porte de Gen\u00e8ve\" \/>\n<meta property=\"article:modified_time\" content=\"2024-07-15T09:53:48+00:00\" \/>\n<meta name=\"twitter:card\" content=\"summary_large_image\" \/>\n<meta name=\"twitter:label1\" content=\"Est. reading time\" \/>\n\t<meta name=\"twitter:data1\" content=\"1 minute\" \/>\n<script type=\"application\/ld+json\" class=\"yoast-schema-graph\">{\"@context\":\"https:\/\/schema.org\",\"@graph\":[{\"@type\":\"WebPage\",\"@id\":\"https:\/\/www.portedegeneve.com\/en\/contact-acces\/\",\"url\":\"https:\/\/www.portedegeneve.com\/en\/contact-acces\/\",\"name\":\"Contact our 3-star hotel in Gaillard -H\u00f4tel Porte de Gen\u00e8ve \u2013 Official website\",\"isPartOf\":{\"@id\":\"https:\/\/www.portedegeneve.com\/en\/#website\"},\"datePublished\":\"2019-04-09T03:36:44+00:00\",\"dateModified\":\"2024-07-15T09:53:48+00:00\",\"description\":\"Contact our staff to arrange your next stay in Gaillard, close to Geneva and Annemasse! Promo code geneve.\",\"breadcrumb\":{\"@id\":\"https:\/\/www.portedegeneve.com\/en\/contact-acces\/#breadcrumb\"},\"inLanguage\":\"en-US\",\"potentialAction\":[{\"@type\":\"ReadAction\",\"target\":[\"https:\/\/www.portedegeneve.com\/en\/contact-acces\/\"]}]},{\"@type\":\"BreadcrumbList\",\"@id\":\"https:\/\/www.portedegeneve.com\/en\/contact-acces\/#breadcrumb\",\"itemListElement\":[{\"@type\":\"ListItem\",\"position\":1,\"name\":\"Accueil\",\"item\":\"https:\/\/www.portedegeneve.com\/en\/\"},{\"@type\":\"ListItem\",\"position\":2,\"name\":\"Contact details and access\"}]},{\"@type\":\"WebSite\",\"@id\":\"https:\/\/www.portedegeneve.com\/en\/#website\",\"url\":\"https:\/\/www.portedegeneve.com\/en\/\",\"name\":\"H\u00f4tel Porte de Gen\u00e8ve\",\"description\":\"H\u00f4tel Porte de Gen\u00e8ve\",\"publisher\":{\"@id\":\"https:\/\/www.portedegeneve.com\/en\/#organization\"},\"potentialAction\":[{\"@type\":\"SearchAction\",\"target\":{\"@type\":\"EntryPoint\",\"urlTemplate\":\"https:\/\/www.portedegeneve.com\/en\/?s={search_term_string}\"},\"query-input\":{\"@type\":\"PropertyValueSpecification\",\"valueRequired\":true,\"valueName\":\"search_term_string\"}}],\"inLanguage\":\"en-US\"},{\"@type\":\"Organization\",\"@id\":\"https:\/\/www.portedegeneve.com\/en\/#organization\",\"name\":\"Hotel Porte de Gen\u00e8ve\",\"url\":\"https:\/\/www.portedegeneve.com\/en\/\",\"logo\":{\"@type\":\"ImageObject\",\"inLanguage\":\"en-US\",\"@id\":\"https:\/\/www.portedegeneve.com\/en\/#\/schema\/logo\/image\/\",\"url\":\"https:\/\/www.portedegeneve.com\/wp-content\/uploads\/2019\/06\/portes_de_geneve_logo_min.png\",\"contentUrl\":\"https:\/\/www.portedegeneve.com\/wp-content\/uploads\/2019\/06\/portes_de_geneve_logo_min.png\",\"width\":224,\"height\":67,\"caption\":\"Hotel Porte de Gen\u00e8ve\"},\"image\":{\"@id\":\"https:\/\/www.portedegeneve.com\/en\/#\/schema\/logo\/image\/\"}}]}<\/script>","yoast_head_json":{"title":"Contact our 3-star hotel in Gaillard -H\u00f4tel Porte de Gen\u00e8ve \u2013 Official website","description":"Contact our staff to arrange your next stay in Gaillard, close to Geneva and Annemasse! Promo code geneve.","robots":{"index":"index","follow":"follow","max-snippet":"max-snippet:-1","max-image-preview":"max-image-preview:large","max-video-preview":"max-video-preview:-1"},"canonical":"https:\/\/www.portedegeneve.com\/en\/contact-acces\/","og_locale":"en_US","og_type":"article","og_title":"Contact our 3-star hotel in Gaillard -H\u00f4tel Porte de Gen\u00e8ve \u2013 Official website","og_description":"Contact our staff to arrange your next stay in Gaillard, close to Geneva and Annemasse! Promo code geneve.","og_url":"https:\/\/www.portedegeneve.com\/en\/contact-acces\/","og_site_name":"H\u00f4tel Porte de Gen\u00e8ve","article_modified_time":"2024-07-15T09:53:48+00:00","twitter_card":"summary_large_image","twitter_misc":{"Est. reading time":"1 minute"},"schema":{"@context":"https:\/\/schema.org","@graph":[{"@type":"WebPage","@id":"https:\/\/www.portedegeneve.com\/en\/contact-acces\/","url":"https:\/\/www.portedegeneve.com\/en\/contact-acces\/","name":"Contact our 3-star hotel in Gaillard -H\u00f4tel Porte de Gen\u00e8ve \u2013 Official website","isPartOf":{"@id":"https:\/\/www.portedegeneve.com\/en\/#website"},"datePublished":"2019-04-09T03:36:44+00:00","dateModified":"2024-07-15T09:53:48+00:00","description":"Contact our staff to arrange your next stay in Gaillard, close to Geneva and Annemasse! Promo code geneve.","breadcrumb":{"@id":"https:\/\/www.portedegeneve.com\/en\/contact-acces\/#breadcrumb"},"inLanguage":"en-US","potentialAction":[{"@type":"ReadAction","target":["https:\/\/www.portedegeneve.com\/en\/contact-acces\/"]}]},{"@type":"BreadcrumbList","@id":"https:\/\/www.portedegeneve.com\/en\/contact-acces\/#breadcrumb","itemListElement":[{"@type":"ListItem","position":1,"name":"Accueil","item":"https:\/\/www.portedegeneve.com\/en\/"},{"@type":"ListItem","position":2,"name":"Contact details and access"}]},{"@type":"WebSite","@id":"https:\/\/www.portedegeneve.com\/en\/#website","url":"https:\/\/www.portedegeneve.com\/en\/","name":"H\u00f4tel Porte de Gen\u00e8ve","description":"H\u00f4tel Porte de Gen\u00e8ve","publisher":{"@id":"https:\/\/www.portedegeneve.com\/en\/#organization"},"potentialAction":[{"@type":"SearchAction","target":{"@type":"EntryPoint","urlTemplate":"https:\/\/www.portedegeneve.com\/en\/?s={search_term_string}"},"query-input":{"@type":"PropertyValueSpecification","valueRequired":true,"valueName":"search_term_string"}}],"inLanguage":"en-US"},{"@type":"Organization","@id":"https:\/\/www.portedegeneve.com\/en\/#organization","name":"Hotel Porte de Gen\u00e8ve","url":"https:\/\/www.portedegeneve.com\/en\/","logo":{"@type":"ImageObject","inLanguage":"en-US","@id":"https:\/\/www.portedegeneve.com\/en\/#\/schema\/logo\/image\/","url":"https:\/\/www.portedegeneve.com\/wp-content\/uploads\/2019\/06\/portes_de_geneve_logo_min.png","contentUrl":"https:\/\/www.portedegeneve.com\/wp-content\/uploads\/2019\/06\/portes_de_geneve_logo_min.png","width":224,"height":67,"caption":"Hotel Porte de Gen\u00e8ve"},"image":{"@id":"https:\/\/www.portedegeneve.com\/en\/#\/schema\/logo\/image\/"}}]}},"_links":{"self":[{"href":"https:\/\/www.portedegeneve.com\/en\/wp-json\/wp\/v2\/pages\/169","targetHints":{"allow":["GET"]}}],"collection":[{"href":"https:\/\/www.portedegeneve.com\/en\/wp-json\/wp\/v2\/pages"}],"about":[{"href":"https:\/\/www.portedegeneve.com\/en\/wp-json\/wp\/v2\/types\/page"}],"author":[{"embeddable":true,"href":"https:\/\/www.portedegeneve.com\/en\/wp-json\/wp\/v2\/users\/2"}],"replies":[{"embeddable":true,"href":"https:\/\/www.portedegeneve.com\/en\/wp-json\/wp\/v2\/comments?post=169"}],"version-history":[{"count":2,"href":"https:\/\/www.portedegeneve.com\/en\/wp-json\/wp\/v2\/pages\/169\/revisions"}],"predecessor-version":[{"id":15884,"href":"https:\/\/www.portedegeneve.com\/en\/wp-json\/wp\/v2\/pages\/169\/revisions\/15884"}],"wp:attachment":[{"href":"https:\/\/www.portedegeneve.com\/en\/wp-json\/wp\/v2\/media?parent=169"}],"curies":[{"name":"wp","href":"https:\/\/api.w.org\/{rel}","templated":true}]}}